{"id":1113,"date":"2016-12-31T15:10:54","date_gmt":"2016-12-31T15:10:54","guid":{"rendered":"http:\/\/ginettelosson.fr\/?page_id=1113"},"modified":"2020-06-23T09:20:09","modified_gmt":"2020-06-23T09:20:09","slug":"commentaires","status":"publish","type":"page","link":"https:\/\/www.ginettelosson.fr\/index.php\/commentaires\/","title":{"rendered":"Commentaires"},"content":{"rendered":"<p style=\"text-align: justify;\"><img loading=\"lazy\" decoding=\"async\" class=\" wp-image-1140 aligncenter\" src=\"http:\/\/ginettelosson.fr\/wp-content\/uploads\/2016\/12\/T\u00e9moignages-300x141.jpg\" alt=\"temoignages\" width=\"478\" height=\"225\" srcset=\"https:\/\/www.ginettelosson.fr\/wp-content\/uploads\/2016\/12\/T\u00e9moignages-300x141.jpg 300w, https:\/\/www.ginettelosson.fr\/wp-content\/uploads\/2016\/12\/T\u00e9moignages-768x361.jpg 768w, https:\/\/www.ginettelosson.fr\/wp-content\/uploads\/2016\/12\/T\u00e9moignages-1024x482.jpg 1024w, https:\/\/www.ginettelosson.fr\/wp-content\/uploads\/2016\/12\/T\u00e9moignages-600x282.jpg 600w, https:\/\/www.ginettelosson.fr\/wp-content\/uploads\/2016\/12\/T\u00e9moignages.jpg 1668w\" sizes=\"auto, (max-width: 478px) 100vw, 478px\" \/><\/p>\n<p>&nbsp;<\/p>\n<p>&nbsp;<\/p>\n<p><em><span style=\"font-size: 14pt;\"><span style=\"color: #800080;\">Bathoul<\/span> <\/span><\/em><\/p>\n<div><span style=\"color: #008000;\"><em><span style=\"font-size: 14pt;\">Tout d&rsquo;abord, merci pour le compte rendu toujours aussi pr\u00e9cis, clair et net &#8230;&#8230;.<\/span><\/em><\/span><\/div>\n<div><span style=\"color: #008000;\"><em><span style=\"font-size: 14pt;\">\u00a0<\/span><\/em><\/span><\/div>\n<div><span style=\"color: #008000;\"><em><span style=\"font-size: 14pt;\">Voici le mien :<br \/>\n<\/span><\/em><\/span><\/div>\n<div style=\"text-align: justify;\"><span style=\"color: #008000;\"><em><span style=\"font-size: 14pt;\">La premi\u00e8re nuit, \u00e0 plusieurs reprises, j&rsquo;ai eu une violente douleur dans le bras droit \u00e0 type de torsion qui m&rsquo;a r\u00e9veill\u00e9e brutalement.\u00a0 J&rsquo;ai d\u00fb me lever pour me masser avec des HE. Cela s&rsquo;est reproduit encore deux nuits, avec moins de violence.<\/span><\/em><\/span><\/div>\n<div style=\"text-align: justify;\"><span style=\"color: #008000;\"><em><span style=\"font-size: 14pt;\">D\u00e8s le lendemain,\u00a0 j&rsquo;avais retrouv\u00e9 une grande \u00e9nergie qui ne m&rsquo;a pas quitt\u00e9e. C&rsquo;est vraiment tr\u00e8s agr\u00e9able de retrouver la forme de ses 40 ans.<\/span><\/em><\/span><\/div>\n<div style=\"text-align: justify;\"><span style=\"color: #008000;\"><em><span style=\"font-size: 14pt;\">L&rsquo;histoire\u00a0avec ma belle s\u0153ur est comme balay\u00e9e. Des amies m&rsquo;ont nargu\u00e9e \u00e0 ce sujet, plus rien en moi ne r\u00e9sonne \u00e0 ce probl\u00e8me.<\/span><\/em><\/span><\/div>\n<div style=\"text-align: justify;\"><span style=\"color: #008000;\"><em><span style=\"font-size: 14pt;\">L&rsquo;envie de vivre , la joie de vivre semblent s&rsquo;installer doucement mais s\u00fbrement.<\/span><\/em><\/span><\/div>\n<div style=\"text-align: justify;\"><span style=\"color: #008000;\"><em><span style=\"font-size: 14pt;\">J&rsquo;ai remarqu\u00e9 que mon double menton avait presque disparu !\u00a0 Ahaaa!!!!!!!!!!!!!\u00a0 c&rsquo;est extraordinaire. <\/span><\/em><\/span><\/div>\n<div style=\"text-align: justify;\"><span style=\"color: #008000;\"><em><span style=\"font-size: 14pt;\">Durant un trajet en voiture, j&rsquo;avais r\u00e9cup\u00e9r\u00e9 l&rsquo;audition de l&rsquo;oreille gauche.<\/span><\/em><\/span><\/div>\n<div><span style=\"color: #008000;\"><em><span style=\"font-size: 14pt;\">\u00a0<\/span><\/em><\/span><\/div>\n<div><span style=\"color: #008000;\"><em><span style=\"font-size: 14pt;\">Merci encore pour cette JOIE retrouv\u00e9e. <\/span><\/em><\/span><\/div>\n<div style=\"text-align: center;\"><span style=\"color: #008000;\"><em><span style=\"font-size: 14pt;\"><span style=\"color: #800080; font-size: 24pt;\"><strong>***<\/strong><\/span><br \/>\n<\/span><\/em><\/span><\/div>\n<p><span style=\"font-size: 14pt; color: #008000;\"><em><span style=\"color: #800080;\">Genevi\u00e8ve<\/span> <\/em><\/span><\/p>\n<p><span style=\"font-size: 14pt; color: #008000;\"><em>octobre<\/em><\/span><\/p>\n<p><span style=\"font-size: 14pt; color: #008000;\"><em>Quelques nouvelles : je vais tr\u00e8s bien, je n&rsquo;ai plus aucune douleur de hanches maintenant, je ne suis plus fatigu\u00e9e et je me sens align\u00e9e. Merci \u00e0 l&rsquo;Univers.<\/em><\/span><\/p>\n<p><span style=\"font-size: 14pt; color: #008000;\"><em>novembre<\/em><\/span><\/p>\n<p><span style=\"font-size: 14pt; color: #008000;\"><em>Un grand merci \u00e0 vous. J&rsquo;ai repris avec joie les recettes de cuisine tant aim\u00e9es et oubli\u00e9es. Je me sens lib\u00e9r\u00e9e d&rsquo;un grand poids. Je viens de couper une relation toxique, ce qui me permet d&rsquo;annuler ce que je ressassais sans arr\u00eat \u00e0 son sujet. Merci \u00e0 ces 2 s\u00e9ances.<\/em><\/span><\/p>\n<p style=\"text-align: center;\"><span style=\"font-size: 14pt; color: #008000;\"><em><span style=\"font-size: 24pt; color: #800080;\"><strong>***<\/strong><\/span><\/em><\/span><\/p>\n<p style=\"text-align: justify;\"><span style=\"color: #800080; font-size: 14pt; font-family: georgia,palatino,serif;\"><em>Nicolas<\/em><\/span><\/p>\n<p style=\"text-align: justify;\"><span style=\"color: #008000; font-size: 14pt; font-family: georgia,palatino,serif;\"><em>La premi\u00e8re fois que je vous ai contact\u00e9e, c&rsquo;est gr\u00e2ce \u00e0 une amie, je souhaitais faire un \u00e9quilibrage et une harmonisation de mon lieu de vie. Aussi, je fus tr\u00e8s agr\u00e9ablement surpris de la profondeur de ce que vous offrez, le nettoyage du lieu en lien avec le passif propre de la personne, en l&rsquo;occurrence, moi! Les points apport\u00e9s, d\u00e9gag\u00e9s, furent tr\u00e8s pertinents et l&rsquo;am\u00e9lioration notoire, en plus des d\u00e9cisions que \u00e7a m&rsquo;a impuls\u00e9es.<\/em><\/span><\/p>\n<p style=\"text-align: justify;\"><span style=\"color: #008000; font-size: 14pt; font-family: georgia,palatino,serif;\"><em>La deuxi\u00e8me fois, nous avons pu aller plus profond et fut l\u00e0 un magnifique soin au lieu et \u00e0 mon histoire.<\/em><\/span><\/p>\n<p style=\"text-align: justify;\"><span style=\"color: #008000; font-size: 14pt; font-family: georgia,palatino,serif;\"><em>Je suis tr\u00e8s tr\u00e8s satisfait de votre approche, simple et concr\u00e8te, pratique et douce.<\/em><\/span><\/p>\n<p style=\"text-align: justify;\"><span style=\"color: #008000; font-size: 14pt; font-family: georgia,palatino,serif;\"><em>Merci beaucoup.<\/em><\/span><span style=\"color: #008000; font-size: 14pt; font-family: georgia,palatino,serif;\"><em>\u00a0<\/em><\/span><\/p>\n<p style=\"text-align: justify; padding-left: 450px;\"><span style=\"color: #800080; font-size: 14pt; font-family: georgia,palatino,serif;\"><em><strong><span style=\"font-size: 24pt;\">***<\/span><\/strong><\/em><\/span><\/p>\n<p style=\"text-align: justify;\"><span style=\"color: #800080; font-size: 14pt; font-family: georgia,palatino,serif;\"><em>Martine<\/em><\/span><\/p>\n<p style=\"text-align: justify;\"><span style=\"color: #008000; font-size: 14pt; font-family: georgia,palatino,serif;\"><em>Je tiens tout d&rsquo;abord \u00e0 vous remercier, m\u00eame avec retard, pour ce deuxi\u00e8me compte-rendu d&rsquo;harmonisation, c&rsquo;est un joyau d&rsquo;amour, j&rsquo;ai tant de bonheur \u00e0 le lire.<\/em><\/span><\/p>\n<p style=\"text-align: justify;\"><span style=\"color: #008000; font-size: 14pt; font-family: georgia,palatino,serif;\"><em>Depuis lors, les \u00e9v\u00e8nements se succ\u00e8dent \u00e0 la vitesse de l&rsquo;\u00e9clair, je prends des d\u00e9cisions avec facilit\u00e9, je m&rsquo;en \u00e9tonne moi-m\u00eame! La famille est bien en place. J&rsquo;aurai beaucoup \u00e0 vous raconter. Vous pouvez \u00eatre fi\u00e8re, votre travail est remarquable, Ginette.<\/em><\/span><span style=\"color: #008000; font-size: 14pt; font-family: georgia,palatino,serif;\"><em>\u00a0<\/em><\/span><\/p>\n<p style=\"padding-left: 450px; text-align: justify;\"><span style=\"color: #800080; font-size: 14pt; font-family: georgia,palatino,serif;\"><strong><span style=\"font-size: 24pt;\">***<\/span><\/strong><\/span><\/p>\n<p style=\"text-align: justify;\"><span style=\"color: #800080; font-size: 14pt; font-family: georgia,palatino,serif;\"><em>Julia<\/em><\/span><\/p>\n<p style=\"text-align: justify;\"><span style=\"color: #008000; font-size: 14pt; font-family: georgia,palatino,serif;\"><em>Je viens de lire quelques exemples d&rsquo;harmonisation et je suis stup\u00e9faite par tes r\u00e9alisations.<\/em><\/span><br \/>\n<span style=\"color: #008000; font-size: 14pt; font-family: georgia,palatino,serif;\"><em>Comme par hasard je tombe sur celui de Rebecca en qui je me reconnais \u00e0 110%.<\/em><\/span><br \/>\n<span style=\"color: #008000; font-size: 14pt; font-family: georgia,palatino,serif;\"><em>Mais tu es juste indispensable ! Waouh je suis vraiment impressionn\u00e9e et admirative Ginette.<br \/>\n<\/em><\/span><\/p>\n<p style=\"padding-left: 450px; text-align: justify;\"><span style=\"color: #800080; font-size: 14pt; font-family: georgia,palatino,serif;\"><em><span style=\"font-size: 24pt;\"><strong>***<\/strong><\/span><\/em><\/span><\/p>\n<p style=\"text-align: justify;\"><span style=\"color: #008000; font-size: 14pt; font-family: georgia,palatino,serif;\"><em><span style=\"color: #800080;\">Juliette<\/span><\/em><\/span><\/p>\n<p style=\"text-align: justify;\"><span style=\"color: #008000; font-size: 14pt; font-family: georgia,palatino,serif;\"><em>Merci infiniment pour ce compte-rendu de qualit\u00e9. J&rsquo;ai beaucoup appr\u00e9ci\u00e9 l&rsquo;esprit de synth\u00e8se, la justesse et la qualit\u00e9 d&rsquo;\u00e9criture. C&rsquo;est vraiment agr\u00e9able de pouvoir le relire pour bien int\u00e9grer le travail effectu\u00e9.<\/em><\/span><\/p>\n<p style=\"padding-left: 450px; text-align: left;\"><span style=\"color: #008000; font-size: 14pt; font-family: georgia,palatino,serif;\"><em><span style=\"font-size: 24pt;\"><strong><span style=\"color: #800080;\">***<\/span><\/strong><\/span><br \/>\n<\/em><\/span><\/p>\n<p><span style=\"font-family: georgia,palatino,serif;\"><span style=\"font-size: 14pt; color: #800080;\"><em>Marie-Christine<\/em><\/span><\/span><\/p>\n<p><span style=\"font-size: 14pt; color: #008000; font-family: georgia,palatino,serif;\"><em>Bonjour Ginette. Formidable ton r\u00e9cit ! Tu as des dons incroyables pour nous transporter dans ton univers de petite chrysalide qui devient papillon\u2026 Je me suis r\u00e9gal\u00e9e \u00e0 te lire m\u00eame quand tu racontes les passages douloureux car tu arrives \u00e0 travers tes mots choisis \u00e0 faire partager tes \u00e9motions sans tomber dans le m\u00e9lo.<\/em><\/span><br \/>\n<span style=\"font-size: 14pt; color: #008000; font-family: georgia,palatino,serif;\"> <em> Bravo ! je suis \u00e9pat\u00e9e encore une fois..<\/em><\/span><\/p>\n<p><span style=\"font-size: 14pt; color: #008000; font-family: georgia,palatino,serif;\"><em>Merci encore Ginette de m\u2019avoir aid\u00e9e \u00e0 y voir plus clair, \u00e0 mieux comprendre certains \u00e9v\u00e8nements et \u00e0 accepter des situations \u00ab\u00a0impos\u00e9es\u00a0\u00bb.<\/em><\/span><\/p>\n<p><span style=\"font-size: 14pt; color: #008000; font-family: georgia,palatino,serif;\"><em>Je pense tr\u00e8s fort \u00e0 toi et remercie le ciel d\u2019avoir fait se croiser nos chemins. MERCI du fond du c\u0153ur pour tout ce que tu m\u2019a apport\u00e9. <\/em><\/span><\/p>\n<p><span style=\"font-size: 14pt; color: #008000; font-family: georgia,palatino,serif;\"><em>Je t\u2019embrasse<\/em><\/span><\/p>\n<p style=\"text-align: center;\"><span style=\"font-size: 14pt; color: #008000;\"><em><span style=\"color: #800080; font-size: 24pt; font-family: georgia,palatino,serif;\"><strong>***<\/strong><\/span><\/em><\/span><\/p>\n<p align=\"JUSTIFY\"><span style=\"font-size: 14pt; color: #800080;\"><i>Stella<\/i><\/span><\/p>\n<p align=\"JUSTIFY\"><span style=\"font-size: 14pt; color: #008000;\"><i><b>Concernant <\/b><\/i><i><b>notre \u00e9cole associative :<\/b><\/i><\/span><\/p>\n<p align=\"JUSTIFY\"><span style=\"font-size: 14pt; color: #008000;\"><i>Depuis d\u00e9but septembre, notre association qui recherchait des locaux a enfin trouv\u00e9 un lieu! Tout s&rsquo;est jou\u00e9 dans un timing tr\u00e8s serr\u00e9 depuis le 15 ao\u00fbt mais \u00e7a a march\u00e9!!!<\/i><\/span><\/p>\n<p align=\"JUSTIFY\"><span style=\"font-size: 14pt; color: #008000;\"><em>Tout s\u2019est enclench\u00e9 rapidement! Des membres de l&rsquo;association en renfort ont bien aid\u00e9 aussi \u00e0 faire avancer les choses, et Ginette aussi!!!;-) Le soin y a particip\u00e9 grandement &#8230;<\/em><\/span><\/p>\n<p align=\"JUSTIFY\"><span style=\"font-size: 14pt; color: #008000;\"><em>Le lieu est super : adapt\u00e9 pour tous les publics, avec plusieurs salles, une grande cour, du mat\u00e9riel de motricit\u00e9 \u00e0 disposition, et facilement accessible en voiture.<\/em><\/span><\/p>\n<p align=\"JUSTIFY\"><span style=\"font-size: 14pt; color: #008000;\"><em>Nous avons beaucoup de chance : le lieu, une \u00e9quipe motiv\u00e9e et les adh\u00e9rents investis dans la vie associative.<\/em><img loading=\"lazy\" decoding=\"async\" src=\"https:\/\/ssl.gstatic.com\/ui\/v1\/icons\/mail\/images\/cleardot.gif\" width=\"1\" height=\"1\" name=\"images1\" align=\"BOTTOM\" border=\"0\" \/><\/span><\/p>\n<p align=\"JUSTIFY\"><span style=\"font-size: 14pt; color: #008000;\"><em>Merci d\u2019y avoir contribu\u00e9!!<\/em><\/span><\/p>\n<p align=\"JUSTIFY\"><span style=\"font-size: 14pt; color: #008000;\"><strong><em>Concernant ma vie perso :<\/em><\/strong><\/span><\/p>\n<p align=\"JUSTIFY\"><span style=\"font-size: 14pt; color: #008000;\"><em>Ma demande concernait au d\u00e9part de vivre en harmonie dans ma maison, de dormir mieux, de trouver ma place et l\u2019\u00e9quilibre entre le yin et le yang.<\/em><\/span><\/p>\n<p align=\"JUSTIFY\"><span style=\"font-size: 14pt; color: #008000;\"><em>Depuis cet \u00e9t\u00e9 beaucoup de choses ont \u00e9volu\u00e9 pour moi.<\/em><\/span><\/p>\n<p align=\"JUSTIFY\"><span style=\"font-size: 14pt; color: #008000;\"><em>Ma fille a\u00een\u00e9e, 5 ans, voulait toujours partir de la maison et aller dormir chez ses grands-parents. Elle appr\u00e9cie toujours d\u2019aller passer une nuit chez eux; mais je la sens bien \u00e0 la maison et elle ne r\u00e9clame plus \u00e0 partir comme avant. Je la sens plus sereine, m\u00eame si elle fait encore quelques crises, mais beaucoup moins.<\/em><\/span><\/p>\n<p align=\"JUSTIFY\"><span style=\"font-size: 14pt; color: #008000;\"><em>Son petit fr\u00e8re \u00e9tait toujours tr\u00e8s demandant vis \u00e0 vis de moi. Depuis cet \u00e9t\u00e9 \u00e7a va beaucoup mieux! Il est OK de rester avec son p\u00e8re, et adore jouer avec sa s\u0153ur. L\u2019adaptation chez la nounou a \u00e9t\u00e9 longue. Une semaine apr\u00e8s le deuxi\u00e8me soin, cela se faisait sans pleurs et de plus en plus longtemps. Aujourd\u2019hui il peut y passer la demi-journ\u00e9e ou la journ\u00e9e enti\u00e8re sans probl\u00e8mes.<\/em><\/span><\/p>\n<p align=\"JUSTIFY\"><span style=\"font-size: 14pt; color: #008000;\"><em>Dans mon travail aussi je me sens moins oppress\u00e9e. M\u00eame si parfois je stresse un peu \u00e0 l\u2019id\u00e9e de faire une erreur, je sens que cela ne m\u2019affecte plus comme avant. Du coup je me sens moins stress\u00e9e et suis plus sereine. Je dors beaucoup mieux et suis moins fatigu\u00e9e.<\/em><\/span><\/p>\n<p align=\"JUSTIFY\"><span style=\"font-size: 14pt; color: #008000;\"><em>Mon compagnon ne comprend parfois pas mes choix de vie. Mais cela ne me met plus aussi souvent en col\u00e8re qu&rsquo;avant de voir qu\u2019il ne me soutienne pas dans certains de mes choix. J\u2019accepte davantage d\u2019\u00eatre ce que je suis avec mes diff\u00e9rences.<\/em><\/span><\/p>\n<p align=\"JUSTIFY\"><span style=\"font-size: 14pt; color: #008000;\"><em>J\u2019ai la sensation de vivre en ce moment avec plus de l\u00e9g\u00e8ret\u00e9, et j\u2019aspire \u00e0 davantage de libert\u00e9, de voyages et d\u2019activit\u00e9s qui me nourrissent sur d\u2019autres plans.<\/em><\/span><\/p>\n<p align=\"JUSTIFY\"><span style=\"font-size: 14pt; color: #008000;\"><em>C\u2019est int\u00e9ressant d\u2019\u00e9crire tout \u00e7a au final, cela permet de prendre du recul et d&rsquo;avoir une vue d\u2019ensemble.<\/em><\/span><\/p>\n<p align=\"JUSTIFY\"><span style=\"font-size: 14pt; color: #008000;\"><em>Encore merci pour tout!<\/em><\/span><\/p>\n<p style=\"text-align: center;\" align=\"JUSTIFY\"><span style=\"font-size: 24pt; color: #800080;\"><strong><em>***<\/em><\/strong><\/span><\/p>\n<p>&nbsp;<\/p>\n<p><span style=\"border-radius: 2px; text-indent: 20px; width: auto; padding: 0px 4px 0px 0px; text-align: center; font: bold 11px\/20px 'Helvetica Neue',Helvetica,sans-serif; color: #ffffff; background: #bd081c no-repeat scroll 3px 50% \/ 14px 14px; position: absolute; opacity: 1; z-index: 8675309; display: none; cursor: pointer; top: 36px; left: 268px;\">Enregistrer<\/span><\/p>\n<p><span style=\"border-radius: 2px; text-indent: 20px; width: auto; padding: 0px 4px 0px 0px; text-align: center; font: bold 11px\/20px 'Helvetica Neue',Helvetica,sans-serif; color: #ffffff; background: #bd081c no-repeat scroll 3px 50% \/ 14px 14px; position: absolute; opacity: 1; z-index: 8675309; display: none; cursor: pointer;\">Enregistrer<\/span><\/p>\n<p><span style=\"border-radius: 2px; text-indent: 20px; width: auto; padding: 0px 4px 0px 0px; text-align: center; font: bold 11px\/20px 'Helvetica Neue',Helvetica,sans-serif; color: #ffffff; background: #bd081c no-repeat scroll 3px 50% \/ 14px 14px; position: absolute; opacity: 1; z-index: 8675309; display: none; cursor: pointer;\">Enregistrer<\/span><\/p>\n<p><span style=\"border-radius: 2px; text-indent: 20px; width: auto; padding: 0px 4px 0px 0px; text-align: center; font: bold 11px\/20px 'Helvetica Neue',Helvetica,sans-serif; color: #ffffff; background: #bd081c no-repeat scroll 3px 50% \/ 14px 14px; position: absolute; opacity: 1; z-index: 8675309; display: none; cursor: pointer;\">Enregistrer<\/span><\/p>\n<p><span style=\"border-radius: 2px; text-indent: 20px; width: auto; padding: 0px 4px 0px 0px; text-align: center; font: bold 11px\/20px 'Helvetica Neue',Helvetica,sans-serif; color: #ffffff; background: #bd081c no-repeat scroll 3px 50% \/ 14px 14px; position: absolute; opacity: 1; z-index: 8675309; display: none; cursor: pointer;\">Enregistrer<\/span><\/p>\n<p><span style=\"border-radius: 2px; text-indent: 20px; width: auto; padding: 0px 4px 0px 0px; text-align: center; font: bold 11px\/20px 'Helvetica Neue',Helvetica,sans-serif; color: #ffffff; background: #bd081c no-repeat scroll 3px 50% \/ 14px 14px; position: absolute; opacity: 1; z-index: 8675309; display: none; cursor: pointer; top: 36px; left: 268px;\">Enregistrer<\/span><\/p>\n<p><span style=\"border-radius: 2px; text-indent: 20px; width: auto; padding: 0px 4px 0px 0px; text-align: center; font: bold 11px\/20px 'Helvetica Neue',Helvetica,sans-serif; color: #ffffff; background: #bd081c no-repeat scroll 3px 50% \/ 14px 14px; position: absolute; opacity: 1; z-index: 8675309; display: none; cursor: pointer;\">Enregistrer<\/span><\/p>\n","protected":false},"excerpt":{"rendered":"<p>&nbsp; &nbsp; Bathoul Tout d&rsquo;abord, merci pour le compte rendu toujours aussi pr\u00e9cis, clair et net &#8230;&#8230;. \u00a0 Voici le mien : La premi\u00e8re nuit, \u00e0 plusieurs reprises, j&rsquo;ai eu&#8230;<\/p>\n","protected":false},"author":1,"featured_media":0,"parent":0,"menu_order":0,"comment_status":"closed","ping_status":"closed","template":"","meta":{"footnotes":""},"class_list":["post-1113","page","type-page","status-publish","hentry"],"_links":{"self":[{"href":"https:\/\/www.ginettelosson.fr\/index.php\/wp-json\/wp\/v2\/pages\/1113","targetHints":{"allow":["GET"]}}],"collection":[{"href":"https:\/\/www.ginettelosson.fr\/index.php\/wp-json\/wp\/v2\/pages"}],"about":[{"href":"https:\/\/www.ginettelosson.fr\/index.php\/wp-json\/wp\/v2\/types\/page"}],"author":[{"embeddable":true,"href":"https:\/\/www.ginettelosson.fr\/index.php\/wp-json\/wp\/v2\/users\/1"}],"replies":[{"embeddable":true,"href":"https:\/\/www.ginettelosson.fr\/index.php\/wp-json\/wp\/v2\/comments?post=1113"}],"version-history":[{"count":22,"href":"https:\/\/www.ginettelosson.fr\/index.php\/wp-json\/wp\/v2\/pages\/1113\/revisions"}],"predecessor-version":[{"id":2073,"href":"https:\/\/www.ginettelosson.fr\/index.php\/wp-json\/wp\/v2\/pages\/1113\/revisions\/2073"}],"wp:attachment":[{"href":"https:\/\/www.ginettelosson.fr\/index.php\/wp-json\/wp\/v2\/media?parent=1113"}],"curies":[{"name":"wp","href":"https:\/\/api.w.org\/{rel}","templated":true}]}}