{"id":171,"date":"2016-01-07T09:52:12","date_gmt":"2016-01-07T09:52:12","guid":{"rendered":"http:\/\/ginettelosson.fr\/?page_id=171"},"modified":"2022-10-12T15:59:37","modified_gmt":"2022-10-12T15:59:37","slug":"contact-bis","status":"publish","type":"page","link":"https:\/\/www.ginettelosson.fr\/index.php\/contact-bis\/","title":{"rendered":"Liens"},"content":{"rendered":"<p>&nbsp;<\/p>\n<p><span style=\"color: #008000; font-size: 14pt;\"><em><strong><img loading=\"lazy\" decoding=\"async\" class=\"alignnone wp-image-585\" src=\"http:\/\/ginettelosson.fr\/wp-content\/uploads\/2016\/01\/bambou-zen-Copie-300x164.jpg\" alt=\"th\u00e9rapeutes\" width=\"973\" height=\"532\" srcset=\"https:\/\/www.ginettelosson.fr\/wp-content\/uploads\/2016\/01\/bambou-zen-Copie-300x164.jpg 300w, https:\/\/www.ginettelosson.fr\/wp-content\/uploads\/2016\/01\/bambou-zen-Copie.jpg 618w\" sizes=\"auto, (max-width: 973px) 100vw, 973px\" \/><\/strong><\/em><\/span><\/p>\n<p>&nbsp;<\/p>\n<p><strong><span style=\"font-size: 18pt; color: #008000;\"><em>\u00a0<\/em><\/span><\/strong><\/p>\n<p style=\"text-align: center;\"><span style=\"color: #008000; font-size: 14pt;\"><em><strong>Rose et Gilles Gandy<\/strong>, concepteurs de la m\u00e9thode, Centre des D\u00e9serts en Is\u00e8re <\/em><\/span><\/p>\n<p style=\"text-align: center;\"><span style=\"color: #008000; font-size: 14pt;\"><em><a href=\"https:\/\/www.medecinesymbolique.com\"><span style=\"color: #666699;\"><strong>La M\u00e9decine Symbolique<\/strong><\/span><\/a><\/em><strong><span style=\"color: #666699;\"><em><br \/>\n<\/em><\/span><\/strong><\/span><\/p>\n<p style=\"text-align: center;\"><em><strong><span style=\"font-size: 14pt;\"><a href=\"http:\/\/dons-medecinesymbolique.org\/\"><span style=\"color: #666699;\">S\u00e9jours Soins de l&rsquo;\u00c2me<\/span><\/a><\/span><\/strong><\/em><\/p>\n<p style=\"text-align: center;\"><span style=\"font-size: 14pt;\"><em><strong><a href=\"https:\/\/www.forum-ame.com\/\"><span style=\"color: #666699;\">Forum des M\u00e9decines de l&rsquo;\u00c2me<\/span><\/a><\/strong><\/em><\/span><\/p>\n<p>&nbsp;<\/p>\n<p>&nbsp;<\/p>\n<p style=\"text-align: center;\"><span style=\"color: #008000; font-size: 14pt;\"><em><strong>Elisabeth Glaap de Wildt<\/strong>, naturopathe et phytoth\u00e9rapeute \u00e0 La Sauvetat de Sav\u00e8res, <\/em><\/span><\/p>\n<p style=\"text-align: center;\"><span style=\"color: #008000; font-size: 14pt;\"><em>pour la grande qualit\u00e9 de ses soins, avec ma profonde gratitude <\/em><\/span><\/p>\n<p style=\"text-align: center;\"><span style=\"color: #008000; font-size: 14pt;\"><em><span style=\"color: #666699;\"><strong>06 87 78 37 14\u00a0\u00a0 elisabeth.glaap@wanadoo.fr<\/strong><\/span><\/em><\/span><\/p>\n<p>&nbsp;<\/p>\n<p style=\"text-align: center;\"><span style=\"font-size: 14pt; color: #008000;\"><strong><em>Cl\u00e9mence Fr\u00e9gard, <\/em><\/strong><em>productrice d&rsquo;herbes aromatiques \u00e0 Penne d&rsquo;Agenais, en agriculture biologique <\/em><\/span><\/p>\n<p style=\"text-align: center;\"><span style=\"font-size: 14pt; color: #008000;\"><em><span style=\"color: #666699;\"><strong><a style=\"color: #666699;\" href=\"http:\/\/clemenceherbesetsens.jimdo.com\">cl\u00e9mence herbes et sens<\/a><\/strong><\/span><\/em><\/span><\/p>\n<p>&nbsp;<\/p>\n<p style=\"text-align: center;\"><span style=\"color: #008000; font-size: 14pt;\"><em><strong>Yvonne Florent, <\/strong>num\u00e9rologue qui m&rsquo;a fait d\u00e9couvrir cette science avec bonheur <\/em><\/span><\/p>\n<p style=\"text-align: center;\"><span style=\"color: #008000; font-size: 14pt;\"><em>et m&rsquo;a donn\u00e9 un joli coup de pouce pour me lancer<strong>\u00a0<\/strong><\/em> <\/span><\/p>\n<p style=\"text-align: center;\"><span style=\"color: #008000; font-size: 14pt;\"><strong><span style=\"color: #666699;\"><em><a style=\"color: #666699;\" href=\"https:\/\/www.melodiedesnombres.com\">m\u00e9lodie des nombres<\/a><\/em><\/span><\/strong><\/span><\/p>\n<p>&nbsp;<\/p>\n<p style=\"text-align: center;\"><span style=\"font-size: 14pt; color: #008000;\"><em><strong>Sylvie et Sylvain SIVIL, <\/strong><\/em><\/span><\/p>\n<p style=\"text-align: center;\"><span style=\"font-size: 14pt; color: #008000;\"><em>elle est m\u00e9dium, il est g\u00e9olobiologue. <\/em><\/span><\/p>\n<p style=\"text-align: center;\"><span style=\"font-size: 14pt; color: #008000;\"><em>Ils accueillent dans leur lieu magique de \u00a0\u00bbLa For\u00eat Indigo\u00a0\u00bb, <\/em><\/span><\/p>\n<p style=\"text-align: center;\"><span style=\"font-size: 14pt; color: #008000;\"><em>des salons du bien-\u00eatre, des ateliers, des formations. <\/em><\/span><\/p>\n<p style=\"text-align: center;\"><span style=\"font-size: 14pt; color: #008000;\"><em><a href=\"https:\/\/www.google.fr\/url?sa=t&amp;rct=j&amp;q=&amp;esrc=s&amp;source=web&amp;cd=&amp;cad=rja&amp;uact=8&amp;ved=2ahUKEwjXu4agh9v6AhUK3hoKHbmwDDsQFnoECAwQAQ&amp;url=https%3A%2F%2Fwww.laforetindigo.com%2F&amp;usg=AOvVaw3ZU2_iGGDxQbNb-Oio2_qi\"><strong><span style=\"color: #666699;\">la for\u00eat indigo<\/span><\/strong><\/a><br \/>\n<\/em><\/span><\/p>\n<p>&nbsp;<\/p>\n<p>&nbsp;<\/p>\n<p><span style=\"border-radius: 2px; text-indent: 20px; width: auto; padding: 0px 4px 0px 0px; text-align: center; font: bold 11px\/20px 'Helvetica Neue',Helvetica,sans-serif; color: #ffffff; background: #bd081c no-repeat scroll 3px 50% \/ 14px 14px; position: absolute; opacity: 1; z-index: 8675309; display: none; cursor: pointer;\">Enregistrer<\/span><\/p>\n<p><span style=\"border-radius: 2px; text-indent: 20px; width: auto; padding: 0px 4px 0px 0px; text-align: center; font: bold 11px\/20px 'Helvetica Neue',Helvetica,sans-serif; color: #ffffff; background: #bd081c no-repeat scroll 3px 50% \/ 14px 14px; position: absolute; opacity: 1; z-index: 8675309; display: none; cursor: pointer; top: 76px; left: 20px;\">Enregistrer<\/span><\/p>\n<p><span style=\"border-radius: 2px; text-indent: 20px; width: auto; padding: 0px 4px 0px 0px; text-align: center; font: bold 11px\/20px 'Helvetica Neue',Helvetica,sans-serif; color: #ffffff; background: #bd081c no-repeat scroll 3px 50% \/ 14px 14px; position: absolute; opacity: 1; z-index: 8675309; display: none; cursor: pointer; top: 76px; left: 20px;\">Enregistrer<\/span><\/p>\n<p><span style=\"border-radius: 2px; text-indent: 20px; width: auto; padding: 0px 4px 0px 0px; text-align: center; font: bold 11px\/20px 'Helvetica Neue',Helvetica,sans-serif; color: #ffffff; background: #bd081c no-repeat scroll 3px 50% \/ 14px 14px; position: absolute; opacity: 1; z-index: 8675309; display: none; cursor: pointer;\">Enregistrer<\/span><\/p>\n<p><span style=\"border-radius: 2px; text-indent: 20px; width: auto; padding: 0px 4px 0px 0px; text-align: center; font: bold 11px\/20px 'Helvetica Neue',Helvetica,sans-serif; color: #ffffff; background: #bd081c no-repeat scroll 3px 50% \/ 14px 14px; position: absolute; opacity: 1; z-index: 8675309; display: none; cursor: pointer; top: 76px; left: 20px;\">Enregistrer<\/span><\/p>\n<p><span style=\"border-radius: 2px; text-indent: 20px; width: auto; padding: 0px 4px 0px 0px; text-align: center; font: bold 11px\/20px 'Helvetica Neue',Helvetica,sans-serif; color: #ffffff; background: #bd081c no-repeat scroll 3px 50% \/ 14px 14px; position: absolute; opacity: 1; z-index: 8675309; display: none; cursor: pointer;\">Enregistrer<\/span><\/p>\n<p><span style=\"border-radius: 2px; text-indent: 20px; width: auto; padding: 0px 4px 0px 0px; text-align: center; font: bold 11px\/20px 'Helvetica Neue',Helvetica,sans-serif; color: #ffffff; background: #bd081c no-repeat scroll 3px 50% \/ 14px 14px; position: absolute; opacity: 1; z-index: 8675309; display: none; cursor: pointer; top: 76px; left: 20px;\">Enregistrer<\/span><\/p>\n<p><span style=\"border-radius: 2px; text-indent: 20px; width: auto; padding: 0px 4px 0px 0px; text-align: center; font: bold 11px\/20px 'Helvetica Neue',Helvetica,sans-serif; color: #ffffff; background: #bd081c no-repeat scroll 3px 50% \/ 14px 14px; position: absolute; opacity: 1; z-index: 8675309; display: none; cursor: pointer; top: 76px; left: 20px;\">Enregistrer<\/span><\/p>\n<p><span style=\"border-radius: 2px; text-indent: 20px; width: auto; padding: 0px 4px 0px 0px; text-align: center; font: bold 11px\/20px 'Helvetica Neue',Helvetica,sans-serif; color: #ffffff; background: #bd081c no-repeat scroll 3px 50% \/ 14px 14px; position: absolute; opacity: 1; z-index: 8675309; display: none; cursor: pointer; top: 76px; left: 20px;\">Enregistrer<\/span><\/p>\n<p><span style=\"border-radius: 2px; text-indent: 20px; width: auto; padding: 0px 4px 0px 0px; text-align: center; font: bold 11px\/20px 'Helvetica Neue',Helvetica,sans-serif; color: #ffffff; background: #bd081c no-repeat scroll 3px 50% \/ 14px 14px; position: absolute; opacity: 1; z-index: 8675309; display: none; cursor: pointer;\">Enregistrer<\/span><\/p>\n","protected":false},"excerpt":{"rendered":"<p>&nbsp; &nbsp; \u00a0 Rose et Gilles Gandy, concepteurs de la m\u00e9thode, Centre des D\u00e9serts en Is\u00e8re La M\u00e9decine Symbolique S\u00e9jours Soins de l&rsquo;\u00c2me Forum des M\u00e9decines de l&rsquo;\u00c2me &nbsp; &nbsp;&#8230;<\/p>\n","protected":false},"author":1,"featured_media":0,"parent":0,"menu_order":7,"comment_status":"closed","ping_status":"closed","template":"","meta":{"footnotes":""},"class_list":["post-171","page","type-page","status-publish","hentry"],"_links":{"self":[{"href":"https:\/\/www.ginettelosson.fr\/index.php\/wp-json\/wp\/v2\/pages\/171","targetHints":{"allow":["GET"]}}],"collection":[{"href":"https:\/\/www.ginettelosson.fr\/index.php\/wp-json\/wp\/v2\/pages"}],"about":[{"href":"https:\/\/www.ginettelosson.fr\/index.php\/wp-json\/wp\/v2\/types\/page"}],"author":[{"embeddable":true,"href":"https:\/\/www.ginettelosson.fr\/index.php\/wp-json\/wp\/v2\/users\/1"}],"replies":[{"embeddable":true,"href":"https:\/\/www.ginettelosson.fr\/index.php\/wp-json\/wp\/v2\/comments?post=171"}],"version-history":[{"count":63,"href":"https:\/\/www.ginettelosson.fr\/index.php\/wp-json\/wp\/v2\/pages\/171\/revisions"}],"predecessor-version":[{"id":2600,"href":"https:\/\/www.ginettelosson.fr\/index.php\/wp-json\/wp\/v2\/pages\/171\/revisions\/2600"}],"wp:attachment":[{"href":"https:\/\/www.ginettelosson.fr\/index.php\/wp-json\/wp\/v2\/media?parent=171"}],"curies":[{"name":"wp","href":"https:\/\/api.w.org\/{rel}","templated":true}]}}