{"id":2,"date":"2015-12-09T23:51:00","date_gmt":"2015-12-09T23:51:00","guid":{"rendered":"http:\/\/ginettelosson.fr\/?page_id=2"},"modified":"2024-02-09T18:50:52","modified_gmt":"2024-02-09T18:50:52","slug":"sample-page","status":"publish","type":"page","link":"https:\/\/www.ginettelosson.fr\/","title":{"rendered":"La M\u00e9decine Symbolique"},"content":{"rendered":"<p><span style=\"background-color: #00ccff;\"><em><span style=\"color: #800080;\"><img loading=\"lazy\" decoding=\"async\" class=\"alignnone wp-image-575\" src=\"http:\/\/ginettelosson.fr\/wp-content\/uploads\/2015\/12\/papillon-Copie-3-300x141.jpg\" alt=\"papillon - Copie (3)\" width=\"972\" height=\"457\" srcset=\"https:\/\/www.ginettelosson.fr\/wp-content\/uploads\/2015\/12\/papillon-Copie-3-300x141.jpg 300w, https:\/\/www.ginettelosson.fr\/wp-content\/uploads\/2015\/12\/papillon-Copie-3.jpg 635w\" sizes=\"auto, (max-width: 972px) 100vw, 972px\" \/><\/span><\/em><\/span><\/p>\n<p style=\"padding-left: 360px;\"><span style=\"font-size: 14pt; color: #3366ff;\"><strong><em><span style=\"font-size: 18pt;\">La m\u00e9tamorphose<\/span><\/em><\/strong><\/span><\/p>\n<p>&nbsp;<\/p>\n<p style=\"text-align: center;\"><span style=\"font-size: 24pt; color: #800080;\"><strong><em>La M\u00e9decine S<\/em><\/strong><em><strong>ymbolique<\/strong> <\/em><\/span><\/p>\n<p>&nbsp;<\/p>\n<p style=\"text-align: center;\"><strong><span style=\"color: #008000; font-size: 18pt; font-family: georgia,palatino,serif;\"><em>Habiter en soi <\/em><\/span><\/strong><\/p>\n<p style=\"text-align: center;\"><strong><span style=\"color: #008000; font-size: 18pt; font-family: georgia,palatino,serif;\"><em>et trouver <\/em><\/span><span style=\"color: #008000; font-size: 36pt; font-family: georgia,palatino,serif;\"><em><span style=\"font-size: 18pt;\">sa place<\/span><\/em><\/span><\/strong><\/p>\n<p style=\"text-align: center;\"><span style=\"color: #008000; font-size: 36pt; font-family: georgia,palatino,serif;\"><em><span style=\"font-size: 18pt;\"><span style=\"font-size: 36pt; color: #008000;\"><strong>***<\/strong><\/span><\/span> <\/em><\/span><\/p>\n<p style=\"text-align: justify;\"><span style=\"font-size: 14pt; color: #008000;\"><em>\u00a0\u00a0\u00a0\u00a0 La M\u00e9decine Symbolique est une m\u00e9thode <strong>holistique <\/strong><\/em><em>de <strong>nettoyage \u00e9nerg\u00e9tique.<\/strong> <\/em><em>Elle r\u00e9tablit l&rsquo;harmonie et l&rsquo;\u00e9quilibre entre le f\u00e9minin et le masculin, entre le yin et le yang. Cette m\u00e9thode a \u00e9t\u00e9 <\/em><em>cr\u00e9\u00e9e par<strong> Rose et Gilles Gandy<\/strong>.<\/em><\/span><\/p>\n<p style=\"text-align: justify;\"><span style=\"font-size: 14pt; color: #008000;\"><em>\u00a0\u00a0\u00a0\u00a0 Une harmonisation par la M\u00e9decine Symbolique est une approche <strong>globale<\/strong> qui prend en compte le corps, l&rsquo;\u00e2me et l&rsquo;esprit dans un tout indissociable. C&rsquo;est un soin pr\u00e9cieux qui vous m\u00e8ne \u00e0 qui vous \u00eates, \u00e0 vos aspirations profondes en vous connectant \u00e0 votre mission de vie.<\/em><\/span><\/p>\n<p style=\"text-align: justify;\"><span style=\"font-size: 14pt; color: #008000;\"><em>\u00a0\u00a0\u00a0\u00a0 Plusieurs types de soins sont propos\u00e9s. Chaque soin apporte une r\u00e9ponse. Leur diversit\u00e9 permet de les rendre compl\u00e9mentaires et de les inscrire dans une th\u00e9rapie de M\u00e9decine Symbolique. Chaque personne peut aller librement vers le soin qui l&rsquo;interpelle d&rsquo;abord.<\/em><\/span><\/p>\n<p style=\"text-align: center;\"><strong><span style=\"font-size: 36pt; color: #008000;\"><em>***<\/em><\/span><\/strong><\/p>\n<p><span style=\"font-size: 14pt; color: #008000;\"><strong><span style=\"color: #800080;\"><span style=\"font-size: 18pt;\"><em>Soin \u00e0 la personne<\/em> <\/span>:<\/span> <\/strong><\/span><\/p>\n<p style=\"text-align: justify;\"><span style=\"font-size: 14pt; color: #008000;\"><em>Le travail rep\u00e8re, dans la m\u00eame d\u00e9marche que pour l&rsquo;habitat, les pollutions inscrites dans <strong>le corps et ses syst\u00e8mes \u00e9nerg\u00e9tiques<\/strong>, dans les lign\u00e9es familiales et les d\u00e9gage par des soins adapt\u00e9s. Il peut se pr\u00e9senter lors de l&rsquo;harmonisation du lieu mais peut \u00eatre pratiqu\u00e9 ind\u00e9pendamment ailleurs \u00e0 distance de celui-ci. <\/em><\/span><\/p>\n<p style=\"text-align: justify;\"><span style=\"font-size: 14pt; color: #008000;\"><em>Une s\u00e9rie de soins individuels doit \u00eatre suivie d&rsquo;une intervention sur le lieu pour un <strong>ancrage<\/strong> du travail. <\/em><\/span><\/p>\n<p style=\"text-align: justify;\"><span style=\"font-size: 14pt; color: #008000;\"><em>Un soin \u00e0 la personne de d\u00e9roule en cabinet et dure environ 1h30.<br \/>\n<\/em><\/span><\/p>\n<p>&nbsp;<\/p>\n<p style=\"text-align: center;\"><span style=\"font-size: 14pt; color: #008000;\"><em><span style=\"font-size: 36pt; color: #008000;\"><strong>***<\/strong><\/span><\/em><\/span><\/p>\n<p><span style=\"color: #800080;\"><strong><span style=\"font-size: 18pt;\"><em>Harmonisation du lieu de vie ou de travail<\/em> :<\/span> <\/strong><\/span><\/p>\n<p>&nbsp;<\/p>\n<p><img loading=\"lazy\" decoding=\"async\" class=\"size-medium wp-image-51 aligncenter\" src=\"http:\/\/ginettelosson.fr\/wp-content\/uploads\/2015\/12\/havre-de-paix-pour-maison-de-campagne-1_4612534-300x200.jpg\" alt=\"\" width=\"300\" height=\"200\" srcset=\"https:\/\/www.ginettelosson.fr\/wp-content\/uploads\/2015\/12\/havre-de-paix-pour-maison-de-campagne-1_4612534-300x200.jpg 300w, https:\/\/www.ginettelosson.fr\/wp-content\/uploads\/2015\/12\/havre-de-paix-pour-maison-de-campagne-1_4612534-250x167.jpg 250w, https:\/\/www.ginettelosson.fr\/wp-content\/uploads\/2015\/12\/havre-de-paix-pour-maison-de-campagne-1_4612534-200x133.jpg 200w, https:\/\/www.ginettelosson.fr\/wp-content\/uploads\/2015\/12\/havre-de-paix-pour-maison-de-campagne-1_4612534-495x330.jpg 495w, https:\/\/www.ginettelosson.fr\/wp-content\/uploads\/2015\/12\/havre-de-paix-pour-maison-de-campagne-1_4612534.jpg 540w\" sizes=\"auto, (max-width: 300px) 100vw, 300px\" \/><\/p>\n<p>&nbsp;<\/p>\n<p style=\"text-align: center;\"><span style=\"font-size: 14pt; color: #008000;\"><em>Pour habiter en soi, ce soin consid\u00e8re que le lieu est l&rsquo;\u00e9cho de ses habitants. Il pr\u00e9conise donc l&rsquo;\u00e9coute du chez soi, cet habitat miroir de nous-m\u00eames et impr\u00e9gn\u00e9 de nos m\u00e9moires.<\/em><\/span><\/p>\n<p style=\"text-align: center;\"><span style=\"font-size: 14pt; color: #008000;\"><em>En reliance avec<strong> l&rsquo;Energie Universelle<\/strong> qui guide les <\/em><em>baguettes coud\u00e9es bio-sensibles, <\/em><\/span><\/p>\n<p style=\"text-align: center;\"><span style=\"font-size: 14pt; color: #008000;\"><em>l&rsquo;intervenant d\u00e9tecte <\/em><\/span><\/p>\n<p style=\"text-align: center;\"><span style=\"font-size: 14pt; color: #008000;\"><em>les <\/em><em><strong>m\u00e9moires<\/strong> n\u00e9gatives inscrites dans le lieu ou sur la <\/em><em>personne, <\/em><\/span><\/p>\n<p style=\"text-align: center;\"><span style=\"font-size: 14pt; color: #008000;\"><em>qu&rsquo;elles soient \u00e9motionnelles, mentales, <\/em><\/span><\/p>\n<p style=\"text-align: center;\"><span style=\"font-size: 14pt; color: #008000;\"><em>qu&rsquo;elles viennent du pass\u00e9 v\u00e9cu, <\/em><\/span><\/p>\n<p style=\"text-align: center;\"><span style=\"font-size: 14pt; color: #008000;\"><em>des lign\u00e9es <\/em><em>ancestrales <\/em><\/span><\/p>\n<p style=\"text-align: center;\"><span style=\"font-size: 14pt; color: #008000;\"><em>ou de vies ant\u00e9rieures. <\/em><\/span><\/p>\n<p style=\"text-align: center;\"><span style=\"font-size: 14pt; color: #008000;\"><em>Le travail en<strong> lien <\/strong><\/em><em><strong>avec l&rsquo;habitant<\/strong> est le d\u00e9codage de ces pollutions en <\/em><em>leur donnant du<strong> sens<\/strong>, <\/em><\/span><\/p>\n<p style=\"text-align: center;\"><span style=\"font-size: 14pt; color: #008000;\"><em>en les portant \u00e0 la conscience <\/em><\/span><\/p>\n<p style=\"text-align: center;\"><span style=\"font-size: 14pt; color: #008000;\"><em>pour les dissoudre ensuite dans une d\u00e9marche<\/em> <em>\u00e9nerg\u00e9tique. <\/em><\/span><\/p>\n<p style=\"text-align: center;\"><span style=\"font-size: 14pt; color: #008000;\"><em>Une harmonisation se d\u00e9roule sur le lieu, dure environ 3h et n\u00e9cessite la pr\u00e9sence de l&rsquo;habitant.<\/em><\/span><\/p>\n<p style=\"text-align: center;\"><span style=\"font-size: 36pt; color: #008000;\"><strong>***<\/strong><\/span><\/p>\n<p style=\"text-align: justify;\"><span style=\"font-size: 14pt; color: #008000;\"><em>Apr\u00e8s chaque harmonisation ou soin \u00e0 la personne, un <strong>compte-rendu<\/strong> est envoy\u00e9 pour mat\u00e9rialiser le travail effectu\u00e9. C&rsquo;est une autre \u00e9tape qui permet d&rsquo;int\u00e9grer plus compl\u00e8tement par sa lecture les prises de conscience du soin et d&rsquo;assurer l&rsquo;ouverture r\u00e9alis\u00e9e par le travail.<\/em><\/span><\/p>\n<p style=\"text-align: center;\"><strong><span style=\"font-size: 36pt; color: #008000;\">***<\/span><\/strong><\/p>\n<p><span style=\"font-size: 14pt; color: #008000;\"><span style=\"font-size: 18pt; color: #800080;\"><strong><em>Ateliers : <\/em><\/strong><\/span><\/span><\/p>\n<p style=\"padding-left: 40px;\"><span style=\"font-size: 14pt; color: #008000;\"><span style=\"font-size: 18pt; color: #800080;\"><strong><em>Atelier Rencontre avec un Lieu Sacr\u00e9 : <\/em><\/strong><\/span><\/span><\/p>\n<p style=\"text-align: center;\"><span style=\"font-size: 14pt; color: #008000;\"><span style=\"font-size: 18pt; color: #800080;\"><em><span style=\"color: #008000; font-size: 14pt;\">chapelle, source gu\u00e9risseuse, m\u00e9galithe, arbre, fontaine &#8230; <\/span><\/em><\/span><\/span><\/p>\n<p style=\"text-align: center;\"><span style=\"font-size: 14pt; color: #008000;\"><span style=\"font-size: 18pt; color: #800080;\"><em><span style=\"color: #008000; font-size: 14pt;\">C&rsquo;est un soin global par le lieu, propos\u00e9 en groupe ou en individuel. Il s&rsquo;adresse \u00e0 des adultes. <\/span><\/em><\/span><\/span><\/p>\n<p style=\"text-align: center;\"><span style=\"font-size: 14pt; color: #008000;\"><span style=\"font-size: 18pt; color: #800080;\"><em><span style=\"color: #008000; font-size: 14pt;\">Il est suivi d&rsquo;un atelier de pr\u00e9sentation de soin en M\u00e9decine Symbolique.\u00a0 <\/span><\/em><\/span><\/span><\/p>\n<p style=\"text-align: center;\"><span style=\"font-size: 14pt; color: #008000;\"><span style=\"font-size: 18pt; color: #800080;\"><em><span style=\"color: #008000; font-size: 14pt;\">Il se d\u00e9roule sur environ 3h, le matin ou l&rsquo;apr\u00e8s-midi selon la saison. <\/span><\/em><\/span><em><br \/>\n<\/em><\/span><\/p>\n<p>&nbsp;<\/p>\n<p><img loading=\"lazy\" decoding=\"async\" class=\"size-medium wp-image-1449 aligncenter\" src=\"http:\/\/ginettelosson.fr\/wp-content\/uploads\/2017\/09\/Source-et-Chapelle-St-Germain-300x180.jpg\" alt=\"\" width=\"300\" height=\"180\" srcset=\"https:\/\/www.ginettelosson.fr\/wp-content\/uploads\/2017\/09\/Source-et-Chapelle-St-Germain-300x180.jpg 300w, https:\/\/www.ginettelosson.fr\/wp-content\/uploads\/2017\/09\/Source-et-Chapelle-St-Germain-768x461.jpg 768w, https:\/\/www.ginettelosson.fr\/wp-content\/uploads\/2017\/09\/Source-et-Chapelle-St-Germain-1024x614.jpg 1024w, https:\/\/www.ginettelosson.fr\/wp-content\/uploads\/2017\/09\/Source-et-Chapelle-St-Germain-600x360.jpg 600w\" sizes=\"auto, (max-width: 300px) 100vw, 300px\" \/><\/p>\n<p style=\"text-align: center;\"><strong><span style=\"font-size: 36pt;\"><span style=\"color: #008000; font-family: georgia,palatino,serif;\"><span style=\"color: #008000;\">***<\/span> <\/span><\/span><\/strong><\/p>\n<p style=\"text-align: justify; padding-left: 40px;\"><span style=\"font-size: 14pt;\"><span style=\"color: #008000; font-family: georgia,palatino,serif;\"><em><span style=\"color: #800080;\"><strong><span style=\"font-size: 18pt;\">Atelier Accueil de Soi<\/span> : <\/strong><\/span><br \/>\n<\/em><\/span><\/span><\/p>\n<p style=\"text-align: center;\"><span style=\"font-size: 14pt; color: #008000;\"><em>Il se pratique en groupe d&rsquo;adultes et prend en compte l&rsquo;individu <\/em><\/span><\/p>\n<p style=\"text-align: center;\"><span style=\"font-size: 14pt; color: #008000;\"><em>avec des activit\u00e9s compl\u00e9mentaires de d\u00e9veloppement personnel, <\/em><\/span><\/p>\n<p style=\"text-align: center;\"><span style=\"font-size: 14pt; color: #008000;\"><em>de M\u00e9decine Symbolique, de cr\u00e9ativit\u00e9 et de Sylvoth\u00e9rapie avec les arbres du lieu. <\/em><\/span><\/p>\n<p style=\"text-align: center;\"><span style=\"font-size: 14pt; color: #008000;\"><em>Il se d\u00e9roule sur le site du cabinet, dans une salle et en ext\u00e9rieur. <\/em><\/span><\/p>\n<p style=\"text-align: center;\"><span style=\"font-size: 14pt; color: #008000;\"><em>Il est propos\u00e9 de 9h \u00e0 17h<br \/>\n<\/em><\/span><\/p>\n<p style=\"text-align: center;\"><span style=\"font-size: 14pt; color: #008000;\"><em>\u00a0avec pique-nique sur place.<br \/>\n<\/em><\/span><\/p>\n<p>&nbsp;<\/p>\n<p><img loading=\"lazy\" decoding=\"async\" class=\" wp-image-1864 aligncenter\" src=\"http:\/\/ginettelosson.fr\/wp-content\/uploads\/2019\/05\/20190521_173128-180x300.jpg\" alt=\"\" width=\"161\" height=\"268\" srcset=\"https:\/\/www.ginettelosson.fr\/wp-content\/uploads\/2019\/05\/20190521_173128-180x300.jpg 180w, https:\/\/www.ginettelosson.fr\/wp-content\/uploads\/2019\/05\/20190521_173128-768x1280.jpg 768w, https:\/\/www.ginettelosson.fr\/wp-content\/uploads\/2019\/05\/20190521_173128-614x1024.jpg 614w, https:\/\/www.ginettelosson.fr\/wp-content\/uploads\/2019\/05\/20190521_173128-600x1000.jpg 600w, https:\/\/www.ginettelosson.fr\/wp-content\/uploads\/2019\/05\/20190521_173128.jpg 1536w\" sizes=\"auto, (max-width: 161px) 100vw, 161px\" \/><\/p>\n<p style=\"text-align: center;\"><strong><span style=\"color: #008000; font-size: 36pt; font-family: georgia,palatino,serif;\">***<\/span><\/strong><\/p>\n<p style=\"padding-left: 40px;\"><span style=\"color: #800080;\"><em><strong><span style=\"font-size: 18pt;\">Atelier Au Gr\u00e9 du Vent : <\/span><\/strong><\/em><\/span><\/p>\n<p style=\"padding-left: 40px; text-align: center;\"><span style=\"color: #800080;\"><em><span style=\"font-size: 18pt;\"><span style=\"font-size: 14pt; color: #008000;\">C&rsquo;est un atelier cr\u00e9atif qui permet de se connecter \u00e0 sa sensibilit\u00e9 <\/span><\/span><\/em><\/span><\/p>\n<p style=\"padding-left: 40px; text-align: center;\"><span style=\"color: #800080;\"><em><span style=\"font-size: 18pt;\"><span style=\"font-size: 14pt; color: #008000;\">et toucher ses envies profondes, dans une r\u00e9alisation <\/span><\/span><\/em><\/span><\/p>\n<p style=\"padding-left: 40px; text-align: center;\"><span style=\"color: #800080;\"><em><span style=\"font-size: 18pt;\"><span style=\"font-size: 14pt; color: #008000;\">qui prend du sens, d&rsquo;un objet reli\u00e9 \u00e0 l&rsquo;\u00e9l\u00e9ment air.<\/span><\/span><\/em><\/span><\/p>\n<p style=\"padding-left: 40px; text-align: center;\"><span style=\"color: #800080;\"><em><span style=\"font-size: 18pt;\"><span style=\"font-size: 14pt; color: #008000;\">Il se d\u00e9roule sur une journ\u00e9e de 9h \u00e0 17h (avec pique-nique) <\/span><\/span><\/em><\/span><\/p>\n<p style=\"padding-left: 40px; text-align: center;\"><span style=\"color: #800080;\"><em><span style=\"font-size: 18pt;\"><span style=\"font-size: 14pt; color: #008000;\">pour finaliser la r\u00e9alisation d&rsquo;un objet.<br \/>\n<\/span><\/span><\/em><\/span><\/p>\n<p style=\"text-align: center;\"><span style=\"color: #800080;\"><em><span style=\"font-size: 18pt;\"><span style=\"font-size: 14pt; color: #008000;\"><span style=\"font-size: 36pt;\"><strong>***<\/strong><\/span><br \/>\n<\/span><\/span><\/em><\/span><\/p>\n<p>&nbsp;<\/p>\n<p><span style=\"border-radius: 2px; text-indent: 20px; width: auto; padding: 0px 4px 0px 0px; text-align: center; font: bold 11px\/20px 'Helvetica Neue',Helvetica,sans-serif; color: #ffffff; background: #bd081c no-repeat scroll 3px 50% \/ 14px 14px; position: absolute; opacity: 1; z-index: 8675309; display: none; cursor: pointer; top: 36px; left: 20px;\">Enregistrer<\/span><\/p>\n<p><span style=\"border-radius: 2px; text-indent: 20px; width: auto; padding: 0px 4px 0px 0px; text-align: center; font: bold 11px\/20px 'Helvetica Neue',Helvetica,sans-serif; color: #ffffff; background: #bd081c no-repeat scroll 3px 50% \/ 14px 14px; position: absolute; opacity: 1; z-index: 8675309; display: none; cursor: pointer; top: 36px; left: 20px;\">Enregistrer<\/span><\/p>\n<p><span style=\"border-radius: 2px; text-indent: 20px; width: auto; padding: 0px 4px 0px 0px; text-align: center; font: bold 11px\/20px 'Helvetica Neue',Helvetica,sans-serif; color: #ffffff; background: #bd081c no-repeat scroll 3px 50% \/ 14px 14px; position: absolute; opacity: 1; z-index: 8675309; display: none; cursor: pointer; top: 36px; left: 20px;\">Enregistrer<\/span><\/p>\n<p><span style=\"border-radius: 2px; text-indent: 20px; width: auto; padding: 0px 4px 0px 0px; text-align: center; font: bold 11px\/20px 'Helvetica Neue',Helvetica,sans-serif; color: #ffffff; background: #bd081c no-repeat scroll 3px 50% \/ 14px 14px; position: absolute; opacity: 1; z-index: 8675309; display: none; cursor: pointer;\">Enregistrer<\/span><\/p>\n<p><span style=\"border-radius: 2px; text-indent: 20px; width: auto; padding: 0px 4px 0px 0px; text-align: center; font: bold 11px\/20px 'Helvetica Neue',Helvetica,sans-serif; color: #ffffff; background: #bd081c no-repeat scroll 3px 50% \/ 14px 14px; position: absolute; opacity: 1; z-index: 8675309; display: none; cursor: pointer;\">Enregistrer<\/span><\/p>\n<p><span style=\"border-radius: 2px; text-indent: 20px; width: auto; padding: 0px 4px 0px 0px; text-align: center; font: bold 11px\/20px 'Helvetica Neue',Helvetica,sans-serif; color: #ffffff; background: #bd081c no-repeat scroll 3px 50% \/ 14px 14px; position: absolute; opacity: 1; z-index: 8675309; display: none; cursor: pointer;\">Enregistrer<\/span><\/p>\n<p><span style=\"border-radius: 2px; text-indent: 20px; width: auto; padding: 0px 4px 0px 0px; text-align: center; font: bold 11px\/20px 'Helvetica Neue',Helvetica,sans-serif; color: #ffffff; background: #bd081c no-repeat scroll 3px 50% \/ 14px 14px; position: absolute; opacity: 1; z-index: 8675309; display: none; cursor: pointer;\">Enregistrer<\/span><\/p>\n","protected":false},"excerpt":{"rendered":"<p>La m\u00e9tamorphose &nbsp; La M\u00e9decine Symbolique &nbsp; Habiter en soi et trouver sa place *** \u00a0\u00a0\u00a0\u00a0 La M\u00e9decine Symbolique est une m\u00e9thode holistique de nettoyage \u00e9nerg\u00e9tique. Elle r\u00e9tablit l&rsquo;harmonie et&#8230;<\/p>\n","protected":false},"author":1,"featured_media":0,"parent":0,"menu_order":1,"comment_status":"closed","ping_status":"open","template":"","meta":{"footnotes":""},"class_list":["post-2","page","type-page","status-publish","hentry"],"_links":{"self":[{"href":"https:\/\/www.ginettelosson.fr\/index.php\/wp-json\/wp\/v2\/pages\/2","targetHints":{"allow":["GET"]}}],"collection":[{"href":"https:\/\/www.ginettelosson.fr\/index.php\/wp-json\/wp\/v2\/pages"}],"about":[{"href":"https:\/\/www.ginettelosson.fr\/index.php\/wp-json\/wp\/v2\/types\/page"}],"author":[{"embeddable":true,"href":"https:\/\/www.ginettelosson.fr\/index.php\/wp-json\/wp\/v2\/users\/1"}],"replies":[{"embeddable":true,"href":"https:\/\/www.ginettelosson.fr\/index.php\/wp-json\/wp\/v2\/comments?post=2"}],"version-history":[{"count":122,"href":"https:\/\/www.ginettelosson.fr\/index.php\/wp-json\/wp\/v2\/pages\/2\/revisions"}],"predecessor-version":[{"id":2732,"href":"https:\/\/www.ginettelosson.fr\/index.php\/wp-json\/wp\/v2\/pages\/2\/revisions\/2732"}],"wp:attachment":[{"href":"https:\/\/www.ginettelosson.fr\/index.php\/wp-json\/wp\/v2\/media?parent=2"}],"curies":[{"name":"wp","href":"https:\/\/api.w.org\/{rel}","templated":true}]}}