{"id":2300,"date":"2021-06-01T09:44:38","date_gmt":"2021-06-01T09:44:38","guid":{"rendered":"http:\/\/ginettelosson.fr\/?page_id=2300"},"modified":"2025-09-16T05:18:29","modified_gmt":"2025-09-16T05:18:29","slug":"atelier-au-gre-du-vent","status":"publish","type":"page","link":"https:\/\/www.ginettelosson.fr\/index.php\/atelier-au-gre-du-vent\/","title":{"rendered":"Atelier Au Gr\u00e9 du Vent"},"content":{"rendered":"<p>&nbsp;<\/p>\n<p style=\"text-align: center;\"><strong><span style=\"color: #008000; font-size: 24pt;\"><em><span style=\"color: #800080;\">Au Gr\u00e9 du Vent<\/span> <\/em><\/span><\/strong><\/p>\n<p style=\"text-align: center;\"><strong><span style=\"color: #800080;\"><em><span style=\"font-size: 14pt;\">atelier cr\u00e9atif<\/span><\/em><\/span><\/strong><\/p>\n<p style=\"text-align: center;\"><strong><span style=\"color: #800080;\"><em><span style=\"font-size: 14pt;\"><span style=\"font-size: 24pt;\">***<\/span><\/span><\/em><\/span><\/strong><\/p>\n<p>&nbsp;<\/p>\n<p style=\"text-align: center;\"><span style=\"color: #008000;\"><em><span style=\"font-size: 14pt;\">Un atelier qui s&rsquo;inscrit dans l&rsquo;esprit de la <strong>M\u00e9decine Symbolique<\/strong> pour descendre dans la mati\u00e8re, <\/span><\/em><\/span><\/p>\n<p style=\"text-align: center;\"><span style=\"color: #008000;\"><em><span style=\"font-size: 14pt;\">concr\u00e9tiser un processus de r\u00e9alisation et aider \u00e0 l&rsquo;ancrage. <\/span><\/em><\/span><\/p>\n<p style=\"text-align: center;\"><span style=\"color: #008000;\"><em><span style=\"font-size: 14pt;\">C&rsquo;est un <span style=\"color: #008000;\"><strong>atelier cr\u00e9atif <\/strong><\/span><\/span><\/em><\/span><\/p>\n<p style=\"text-align: center;\"><span style=\"color: #008000;\"><em><span style=\"font-size: 14pt;\">pour s&rsquo;exprimer au gr\u00e9 du vent de l&rsquo;inspiration <\/span><\/em><\/span><\/p>\n<p style=\"text-align: center;\"><span style=\"color: #008000;\"><em><span style=\"font-size: 14pt;\">au travers de r\u00e9alisations simples dans la convivialit\u00e9 d&rsquo;un groupe, <\/span><\/em><\/span><\/p>\n<p style=\"text-align: center;\"><span style=\"color: #008000;\"><em><span style=\"font-size: 14pt;\">mais aussi vers un accueil de soi car chaque cr\u00e9ation est \u00e9clair\u00e9e d&rsquo;un <strong>message symbolique<\/strong>.<br \/>\n<\/span><\/em><\/span><\/p>\n<p style=\"text-align: center;\"><span style=\"color: #800080;\"><em><span style=\"font-size: 14pt;\"><strong><span style=\"font-size: 24pt;\">***<\/span><\/strong><\/span><\/em><\/span><\/p>\n<p>&nbsp;<\/p>\n<p style=\"text-align: center;\"><span style=\"color: #008000;\"><em><span style=\"font-size: 14pt;\">Je propose d&rsquo;animer plusieurs types de cr\u00e9ations avec le point commun d&rsquo;int\u00e9grer des \u00e9l\u00e9ments naturels qui s&rsquo;inscrivent dans une d\u00e9marche de r\u00e9colte et de r\u00e9cup\u00e9ration : <\/span><\/em><\/span><\/p>\n<p style=\"text-align: center;\"><span style=\"color: #008000;\"><em><span style=\"font-size: 14pt;\"><span style=\"color: #800080;\"><strong><span style=\"font-size: 24pt;\">*<\/span> l&rsquo;attrape-r\u00eave :<\/strong><\/span> <\/span><\/em><\/span><\/p>\n<p style=\"text-align: center;\"><span style=\"color: #008000;\"><em><span style=\"font-size: 14pt;\">\u00a0\u00a0\u00a0\u00a0\u00a0\u00a0\u00a0\u00a0\u00a0\u00a0\u00a0\u00a0\u00a0\u00a0\u00a0\u00a0\u00a0\u00a0\u00a0\u00a0\u00a0\u00a0 dans le sens vertical ou horizontal, <\/span><\/em><\/span><span style=\"color: #008000;\"><em><span style=\"font-size: 14pt;\">avec tressage du r\u00e9seau de fils <\/span><\/em><\/span><\/p>\n<p style=\"text-align: center;\"><span style=\"color: #008000;\"><em><span style=\"font-size: 14pt;\">\u00a0\u00a0\u00a0\u00a0\u00a0\u00a0\u00a0\u00a0\u00a0\u00a0\u00a0\u00a0\u00a0\u00a0\u00a0\u00a0\u00a0\u00a0\u00a0\u00a0\u00a0\u00a0 ou napperon central, <\/span><\/em><\/span><span style=\"color: #008000;\"><em><span style=\"font-size: 14pt;\">ou objets insolites <\/span><\/em><\/span><\/p>\n<p style=\"text-align: center;\"><span style=\"color: #008000;\"><em><span style=\"font-size: 14pt;\">\u00a0\u00a0\u00a0\u00a0\u00a0\u00a0\u00a0\u00a0\u00a0\u00a0\u00a0\u00a0\u00a0\u00a0\u00a0\u00a0\u00a0\u00a0\u00a0\u00a0\u00a0\u00a0 &#8230; et la guirlande de rubans vari\u00e9s\u00a0 \u00a0 <\/span><\/em><\/span><\/p>\n<p style=\"text-align: center;\"><span style=\"font-size: 14pt; color: #800080;\"><em><strong><span style=\"font-size: 24pt;\">*<\/span> la suspension de bois flott\u00e9 :<\/strong><\/em><\/span><\/p>\n<p style=\"text-align: center;\"><span style=\"font-size: 14pt; color: #800080;\"><em><span style=\"color: #008000;\">\u00a0\u00a0\u00a0\u00a0\u00a0\u00a0\u00a0\u00a0\u00a0\u00a0\u00a0\u00a0\u00a0\u00a0\u00a0\u00a0\u00a0 une composition qui associe du bois flott\u00e9 avec de la ficelle, <\/span><\/em><\/span><\/p>\n<p style=\"text-align: center;\"><span style=\"font-size: 14pt; color: #800080;\"><em><span style=\"color: #008000;\">\u00a0\u00a0\u00a0\u00a0\u00a0\u00a0\u00a0\u00a0\u00a0\u00a0\u00a0\u00a0\u00a0 de la laine, des perles, des coquillages &#8230;<\/span><\/em><\/span><\/p>\n<p style=\"text-align: center;\"><span style=\"font-size: 14pt; color: #800080;\"><em><span style=\"color: #008000;\">\u00a0\u00a0\u00a0\u00a0\u00a0\u00a0\u00a0\u00a0\u00a0\u00a0\u00a0\u00a0\u00a0\u00a0\u00a0\u00a0 et des motifs \u00e0 peindre sur\u00a0 le bois.<br \/>\n<\/span><\/em><\/span><\/p>\n<p style=\"text-align: center;\"><span style=\"color: #008000;\"><em><span style=\"font-size: 14pt;\"><span style=\"color: #800080;\"><strong><span style=\"font-size: 24pt;\">* <\/span><\/strong><strong>la sc\u00e8ne d&rsquo;inspiration :<\/strong><\/span><\/span><\/em><\/span><\/p>\n<p style=\"padding-left: 80px; text-align: center;\"><span style=\"color: #008000;\"><em><span style=\"font-size: 14pt;\">une composition avec des personnages en ficelle arm\u00e9e sur support naturel,\u00a0\u00a0<\/span><\/em><\/span><\/p>\n<p style=\"padding-left: 80px; text-align: center;\"><span style=\"color: #008000;\"><em><span style=\"font-size: 14pt;\">cep de vigne, branche sp\u00e9ciale, bois flott\u00e9 &#8230; <\/span><\/em><\/span><\/p>\n<p style=\"text-align: center;\"><span style=\"color: #008000;\"><em><span style=\"font-size: 14pt;\"><span style=\"font-size: 24pt; color: #800080;\"><strong>* <\/strong><\/span><span style=\"color: #993366;\"><strong><span style=\"color: #800080;\"><span style=\"font-size: 14pt;\">l<\/span>e chante-vent :<\/span><br \/>\n<\/strong><\/span><\/span><\/em><\/span><\/p>\n<p style=\"padding-left: 80px; text-align: center;\"><span style=\"color: #008000;\"><em><span style=\"font-size: 14pt;\">une guirlande de bois flott\u00e9,<\/span><\/em><\/span><\/p>\n<p style=\"padding-left: 80px; text-align: center;\"><span style=\"color: #008000;\"><em><span style=\"font-size: 14pt;\">une suspension de coquillages,<\/span><\/em><\/span><\/p>\n<p style=\"padding-left: 80px; text-align: center;\"><span style=\"color: #008000;\"><em><span style=\"font-size: 14pt;\">un carillon en bambou, <\/span><\/em><\/span><\/p>\n<p style=\"padding-left: 80px; text-align: center;\"><span style=\"color: #008000;\"><em><span style=\"font-size: 14pt;\">ou autre objet qui fait chanter le vent &#8230; <\/span><\/em><\/span><\/p>\n<p style=\"padding-left: 80px; text-align: center;\"><span style=\"color: #008000;\"><em><span style=\"font-size: 14pt;\"><span style=\"color: #800080;\"><strong><span style=\"font-size: 24pt;\">* <\/span>le macram\u00e9 :<\/strong> <\/span><\/span><\/em><\/span><\/p>\n<p style=\"padding-left: 80px; text-align: center;\"><span style=\"color: #008000;\"><em><span style=\"font-size: 14pt;\"><span style=\"color: #800080;\"><span style=\"color: #008000;\">une m\u00e9thode de tissage de cordes pour des r\u00e9alisations vari\u00e9es <\/span><\/span><\/span><\/em><\/span><\/p>\n<p style=\"padding-left: 80px; text-align: center;\"><span style=\"color: #008000;\"><em><span style=\"font-size: 14pt;\"><span style=\"color: #800080;\"><span style=\"color: #008000;\">\u00a0dans un cercle, suspension, porte-cl\u00e9, anneau de porte ..\u00a0\u00a0\u00a0\u00a0\u00a0\u00a0\u00a0\u00a0\u00a0\u00a0\u00a0\u00a0\u00a0\u00a0\u00a0\u00a0\u00a0\u00a0\u00a0\u00a0\u00a0\u00a0\u00a0\u00a0 <\/span><\/span><\/span><\/em><\/span><\/p>\n<p style=\"padding-left: 80px; text-align: center;\"><img loading=\"lazy\" decoding=\"async\" class=\"alignnone wp-image-2386\" src=\"http:\/\/ginettelosson.fr\/wp-content\/uploads\/2021\/06\/IMG_3293-174x300.jpg\" alt=\"\" width=\"115\" height=\"198\" srcset=\"https:\/\/www.ginettelosson.fr\/wp-content\/uploads\/2021\/06\/IMG_3293-174x300.jpg 174w, https:\/\/www.ginettelosson.fr\/wp-content\/uploads\/2021\/06\/IMG_3293-595x1024.jpg 595w, https:\/\/www.ginettelosson.fr\/wp-content\/uploads\/2021\/06\/IMG_3293-768x1323.jpg 768w, https:\/\/www.ginettelosson.fr\/wp-content\/uploads\/2021\/06\/IMG_3293-600x1033.jpg 600w, https:\/\/www.ginettelosson.fr\/wp-content\/uploads\/2021\/06\/IMG_3293-892x1536.jpg 892w, https:\/\/www.ginettelosson.fr\/wp-content\/uploads\/2021\/06\/IMG_3293-1189x2048.jpg 1189w, https:\/\/www.ginettelosson.fr\/wp-content\/uploads\/2021\/06\/IMG_3293-scaled.jpg 1487w\" sizes=\"auto, (max-width: 115px) 100vw, 115px\" \/>\u00a0 <img loading=\"lazy\" decoding=\"async\" class=\"wp-image-2389 alignnone\" src=\"http:\/\/ginettelosson.fr\/wp-content\/uploads\/2021\/06\/IMG_3308-200x300.jpg\" alt=\"\" width=\"132\" height=\"198\" srcset=\"https:\/\/www.ginettelosson.fr\/wp-content\/uploads\/2021\/06\/IMG_3308-200x300.jpg 200w, https:\/\/www.ginettelosson.fr\/wp-content\/uploads\/2021\/06\/IMG_3308-683x1024.jpg 683w, https:\/\/www.ginettelosson.fr\/wp-content\/uploads\/2021\/06\/IMG_3308-768x1152.jpg 768w, https:\/\/www.ginettelosson.fr\/wp-content\/uploads\/2021\/06\/IMG_3308-600x900.jpg 600w, https:\/\/www.ginettelosson.fr\/wp-content\/uploads\/2021\/06\/IMG_3308-1024x1536.jpg 1024w, https:\/\/www.ginettelosson.fr\/wp-content\/uploads\/2021\/06\/IMG_3308-1365x2048.jpg 1365w, https:\/\/www.ginettelosson.fr\/wp-content\/uploads\/2021\/06\/IMG_3308-scaled.jpg 1707w\" sizes=\"auto, (max-width: 132px) 100vw, 132px\" \/>\u00a0 <img loading=\"lazy\" decoding=\"async\" class=\"alignnone wp-image-2496\" src=\"http:\/\/ginettelosson.fr\/wp-content\/uploads\/2022\/03\/suspension-bois-flotte-225x300.jpg\" alt=\"\" width=\"149\" height=\"198\" srcset=\"https:\/\/www.ginettelosson.fr\/wp-content\/uploads\/2022\/03\/suspension-bois-flotte-225x300.jpg 225w, https:\/\/www.ginettelosson.fr\/wp-content\/uploads\/2022\/03\/suspension-bois-flotte-768x1024.jpg 768w, https:\/\/www.ginettelosson.fr\/wp-content\/uploads\/2022\/03\/suspension-bois-flotte-600x800.jpg 600w, https:\/\/www.ginettelosson.fr\/wp-content\/uploads\/2022\/03\/suspension-bois-flotte-1152x1536.jpg 1152w, https:\/\/www.ginettelosson.fr\/wp-content\/uploads\/2022\/03\/suspension-bois-flotte-1536x2048.jpg 1536w, https:\/\/www.ginettelosson.fr\/wp-content\/uploads\/2022\/03\/suspension-bois-flotte-scaled.jpg 1920w\" sizes=\"auto, (max-width: 149px) 100vw, 149px\" \/>\u00a0 <img loading=\"lazy\" decoding=\"async\" class=\"wp-image-2387 alignnone\" src=\"http:\/\/ginettelosson.fr\/wp-content\/uploads\/2021\/06\/IMG_3321-300x200.jpg\" alt=\"\" width=\"182\" height=\"121\" srcset=\"https:\/\/www.ginettelosson.fr\/wp-content\/uploads\/2021\/06\/IMG_3321-300x200.jpg 300w, https:\/\/www.ginettelosson.fr\/wp-content\/uploads\/2021\/06\/IMG_3321-1024x683.jpg 1024w, https:\/\/www.ginettelosson.fr\/wp-content\/uploads\/2021\/06\/IMG_3321-768x512.jpg 768w, https:\/\/www.ginettelosson.fr\/wp-content\/uploads\/2021\/06\/IMG_3321-600x400.jpg 600w, https:\/\/www.ginettelosson.fr\/wp-content\/uploads\/2021\/06\/IMG_3321-1536x1024.jpg 1536w, https:\/\/www.ginettelosson.fr\/wp-content\/uploads\/2021\/06\/IMG_3321-2048x1365.jpg 2048w\" sizes=\"auto, (max-width: 182px) 100vw, 182px\" \/><\/p>\n<p>&nbsp;<\/p>\n<p style=\"text-align: center;\"><span style=\"color: #008000;\"><em><span style=\"font-size: 14pt;\">Pour plus de partage et de simplicit\u00e9, chaque s\u00e9ance porte sur un seul type d&rsquo;objet.<br \/>\n<\/span><\/em><\/span><\/p>\n<p style=\"text-align: center;\"><span style=\"color: #008000;\"><em><span style=\"font-size: 14pt;\">Les cr\u00e9ations s&rsquo;inscrivent sur <strong>une journ\u00e9e<\/strong>,<strong><br \/>\n<\/strong><\/span><\/em><\/span><\/p>\n<p style=\"text-align: center;\"><span style=\"color: #008000;\"><em><span style=\"font-size: 14pt;\"> le mat\u00e9riel sera fourni et int\u00e9gr\u00e9 dans le tarif unique, <\/span><\/em><\/span><\/p>\n<p style=\"text-align: center;\"><span style=\"color: #008000;\"><em><span style=\"font-size: 14pt;\">mais vous pouvez apporter des mat\u00e9riaux que vous poss\u00e9dez d\u00e9j\u00e0 et que vous aimeriez int\u00e9grer.<\/span><\/em><\/span><\/p>\n<p style=\"text-align: center;\"><strong><span style=\"font-size: 24pt; color: #800080;\">***<\/span><\/strong><\/p>\n<p style=\"text-align: center;\"><span style=\"color: #008000;\"><em><span style=\"font-size: 14pt;\"><span style=\"color: #800080;\"><strong>quelques r\u00e9alisations en atelier :<\/strong><\/span><br \/>\n<\/span><\/em><\/span><\/p>\n<p><img loading=\"lazy\" decoding=\"async\" class=\"alignnone wp-image-2741\" src=\"http:\/\/ginettelosson.fr\/wp-content\/uploads\/2024\/02\/20221119_165102-1-150x300.jpg\" alt=\"\" width=\"69\" height=\"138\" srcset=\"https:\/\/www.ginettelosson.fr\/wp-content\/uploads\/2024\/02\/20221119_165102-1-150x300.jpg 150w, https:\/\/www.ginettelosson.fr\/wp-content\/uploads\/2024\/02\/20221119_165102-1-513x1024.jpg 513w, https:\/\/www.ginettelosson.fr\/wp-content\/uploads\/2024\/02\/20221119_165102-1-768x1533.jpg 768w, https:\/\/www.ginettelosson.fr\/wp-content\/uploads\/2024\/02\/20221119_165102-1-600x1198.jpg 600w, https:\/\/www.ginettelosson.fr\/wp-content\/uploads\/2024\/02\/20221119_165102-1-770x1536.jpg 770w, https:\/\/www.ginettelosson.fr\/wp-content\/uploads\/2024\/02\/20221119_165102-1-1026x2048.jpg 1026w, https:\/\/www.ginettelosson.fr\/wp-content\/uploads\/2024\/02\/20221119_165102-1-scaled.jpg 1283w\" sizes=\"auto, (max-width: 69px) 100vw, 69px\" \/><img loading=\"lazy\" decoding=\"async\" class=\"alignnone wp-image-2722\" src=\"http:\/\/ginettelosson.fr\/wp-content\/uploads\/2024\/02\/20230114_173938-225x300.jpg\" alt=\"\" width=\"104\" height=\"138\" srcset=\"https:\/\/www.ginettelosson.fr\/wp-content\/uploads\/2024\/02\/20230114_173938-225x300.jpg 225w, https:\/\/www.ginettelosson.fr\/wp-content\/uploads\/2024\/02\/20230114_173938-768x1024.jpg 768w, https:\/\/www.ginettelosson.fr\/wp-content\/uploads\/2024\/02\/20230114_173938-600x800.jpg 600w, https:\/\/www.ginettelosson.fr\/wp-content\/uploads\/2024\/02\/20230114_173938-1152x1536.jpg 1152w, https:\/\/www.ginettelosson.fr\/wp-content\/uploads\/2024\/02\/20230114_173938-1536x2048.jpg 1536w, https:\/\/www.ginettelosson.fr\/wp-content\/uploads\/2024\/02\/20230114_173938-scaled.jpg 1920w\" sizes=\"auto, (max-width: 104px) 100vw, 104px\" \/><img loading=\"lazy\" decoding=\"async\" class=\"alignnone wp-image-2736\" src=\"http:\/\/ginettelosson.fr\/wp-content\/uploads\/2024\/02\/20230422_164442-1-300x300.jpg\" alt=\"\" width=\"139\" height=\"139\" srcset=\"https:\/\/www.ginettelosson.fr\/wp-content\/uploads\/2024\/02\/20230422_164442-1-300x300.jpg 300w, https:\/\/www.ginettelosson.fr\/wp-content\/uploads\/2024\/02\/20230422_164442-1-1024x1024.jpg 1024w, https:\/\/www.ginettelosson.fr\/wp-content\/uploads\/2024\/02\/20230422_164442-1-150x150.jpg 150w, https:\/\/www.ginettelosson.fr\/wp-content\/uploads\/2024\/02\/20230422_164442-1-768x768.jpg 768w, https:\/\/www.ginettelosson.fr\/wp-content\/uploads\/2024\/02\/20230422_164442-1-600x600.jpg 600w, https:\/\/www.ginettelosson.fr\/wp-content\/uploads\/2024\/02\/20230422_164442-1-1536x1536.jpg 1536w, https:\/\/www.ginettelosson.fr\/wp-content\/uploads\/2024\/02\/20230422_164442-1-2048x2048.jpg 2048w, https:\/\/www.ginettelosson.fr\/wp-content\/uploads\/2024\/02\/20230422_164442-1-120x120.jpg 120w, https:\/\/www.ginettelosson.fr\/wp-content\/uploads\/2024\/02\/20230422_164442-1-80x80.jpg 80w\" sizes=\"auto, (max-width: 139px) 100vw, 139px\" \/><img loading=\"lazy\" decoding=\"async\" class=\"alignnone wp-image-2725\" src=\"http:\/\/ginettelosson.fr\/wp-content\/uploads\/2024\/02\/20230513_175351-212x300.jpg\" alt=\"\" width=\"99\" height=\"140\" srcset=\"https:\/\/www.ginettelosson.fr\/wp-content\/uploads\/2024\/02\/20230513_175351-212x300.jpg 212w, https:\/\/www.ginettelosson.fr\/wp-content\/uploads\/2024\/02\/20230513_175351-723x1024.jpg 723w, https:\/\/www.ginettelosson.fr\/wp-content\/uploads\/2024\/02\/20230513_175351-768x1088.jpg 768w, https:\/\/www.ginettelosson.fr\/wp-content\/uploads\/2024\/02\/20230513_175351-600x850.jpg 600w, https:\/\/www.ginettelosson.fr\/wp-content\/uploads\/2024\/02\/20230513_175351-1085x1536.jpg 1085w, https:\/\/www.ginettelosson.fr\/wp-content\/uploads\/2024\/02\/20230513_175351-1446x2048.jpg 1446w, https:\/\/www.ginettelosson.fr\/wp-content\/uploads\/2024\/02\/20230513_175351-scaled.jpg 1808w\" sizes=\"auto, (max-width: 99px) 100vw, 99px\" \/><img loading=\"lazy\" decoding=\"async\" class=\"alignnone wp-image-2726\" src=\"http:\/\/ginettelosson.fr\/wp-content\/uploads\/2024\/02\/20240113_153746-225x300.jpg\" alt=\"\" width=\"104\" height=\"139\" srcset=\"https:\/\/www.ginettelosson.fr\/wp-content\/uploads\/2024\/02\/20240113_153746-225x300.jpg 225w, https:\/\/www.ginettelosson.fr\/wp-content\/uploads\/2024\/02\/20240113_153746-768x1024.jpg 768w, https:\/\/www.ginettelosson.fr\/wp-content\/uploads\/2024\/02\/20240113_153746-600x800.jpg 600w, https:\/\/www.ginettelosson.fr\/wp-content\/uploads\/2024\/02\/20240113_153746-1152x1536.jpg 1152w, https:\/\/www.ginettelosson.fr\/wp-content\/uploads\/2024\/02\/20240113_153746-1536x2048.jpg 1536w, https:\/\/www.ginettelosson.fr\/wp-content\/uploads\/2024\/02\/20240113_153746-scaled.jpg 1920w\" sizes=\"auto, (max-width: 104px) 100vw, 104px\" \/><img loading=\"lazy\" decoding=\"async\" class=\"alignnone wp-image-2740\" src=\"http:\/\/ginettelosson.fr\/wp-content\/uploads\/2024\/02\/20221119_165010-1-155x300.jpg\" alt=\"\" width=\"71\" height=\"137\" srcset=\"https:\/\/www.ginettelosson.fr\/wp-content\/uploads\/2024\/02\/20221119_165010-1-155x300.jpg 155w, https:\/\/www.ginettelosson.fr\/wp-content\/uploads\/2024\/02\/20221119_165010-1-531x1024.jpg 531w, https:\/\/www.ginettelosson.fr\/wp-content\/uploads\/2024\/02\/20221119_165010-1-768x1482.jpg 768w, https:\/\/www.ginettelosson.fr\/wp-content\/uploads\/2024\/02\/20221119_165010-1-600x1158.jpg 600w, https:\/\/www.ginettelosson.fr\/wp-content\/uploads\/2024\/02\/20221119_165010-1-796x1536.jpg 796w, https:\/\/www.ginettelosson.fr\/wp-content\/uploads\/2024\/02\/20221119_165010-1-1061x2048.jpg 1061w, https:\/\/www.ginettelosson.fr\/wp-content\/uploads\/2024\/02\/20221119_165010-1-scaled.jpg 1327w\" sizes=\"auto, (max-width: 71px) 100vw, 71px\" \/><a href=\"https:\/\/www.ginettelosson.fr\/wp-content\/uploads\/2024\/10\/20231028_171709-Copie-scaled.jpg\"><img loading=\"lazy\" decoding=\"async\" class=\"alignnone wp-image-2844\" src=\"https:\/\/www.ginettelosson.fr\/wp-content\/uploads\/2024\/10\/20231028_171709-Copie-128x300.jpg\" alt=\"\" width=\"59\" height=\"138\" srcset=\"https:\/\/www.ginettelosson.fr\/wp-content\/uploads\/2024\/10\/20231028_171709-Copie-128x300.jpg 128w, https:\/\/www.ginettelosson.fr\/wp-content\/uploads\/2024\/10\/20231028_171709-Copie-437x1024.jpg 437w, https:\/\/www.ginettelosson.fr\/wp-content\/uploads\/2024\/10\/20231028_171709-Copie-768x1798.jpg 768w, https:\/\/www.ginettelosson.fr\/wp-content\/uploads\/2024\/10\/20231028_171709-Copie-600x1405.jpg 600w, https:\/\/www.ginettelosson.fr\/wp-content\/uploads\/2024\/10\/20231028_171709-Copie-656x1536.jpg 656w, https:\/\/www.ginettelosson.fr\/wp-content\/uploads\/2024\/10\/20231028_171709-Copie-875x2048.jpg 875w, https:\/\/www.ginettelosson.fr\/wp-content\/uploads\/2024\/10\/20231028_171709-Copie-scaled.jpg 1093w\" sizes=\"auto, (max-width: 59px) 100vw, 59px\" \/><\/a><\/p>\n<p style=\"padding-left: 240px; text-align: left;\"><span style=\"color: #008000;\"><em><span style=\"font-size: 14pt;\">\u00a0\u00a0\u00a0\u00a0\u00a0\u00a0\u00a0\u00a0\u00a0\u00a0\u00a0\u00a0\u00a0\u00a0\u00a0\u00a0\u00a0\u00a0\u00a0\u00a0\u00a0\u00a0\u00a0 <\/span><\/em><\/span><span style=\"color: #008000;\"><em><span style=\"font-size: 14pt;\"><strong><span style=\"color: #800080; font-size: 24pt;\">***<\/span><\/strong><\/span><\/em><\/span><\/p>\n<p style=\"text-align: center;\"><span style=\"font-size: 14pt; color: #800080;\"><em><span style=\"color: #008000;\">Et d&rsquo;autres cr\u00e9ations nouvelles en cours d\u2019\u00e9laboration &#8230;<\/span><\/em><strong><em><br \/>\n<\/em><\/strong><\/span><\/p>\n<p style=\"text-align: left;\"><span style=\"font-size: 24pt;\">\u00a0\u00a0\u00a0\u00a0\u00a0\u00a0\u00a0\u00a0\u00a0\u00a0\u00a0\u00a0\u00a0\u00a0\u00a0\u00a0\u00a0\u00a0\u00a0\u00a0\u00a0\u00a0\u00a0\u00a0\u00a0\u00a0\u00a0\u00a0\u00a0\u00a0\u00a0\u00a0\u00a0\u00a0\u00a0\u00a0\u00a0\u00a0\u00a0\u00a0\u00a0\u00a0\u00a0\u00a0\u00a0 <strong><span style=\"color: #800080;\">***<\/span><\/strong><\/span><\/p>\n<p style=\"text-align: center;\"><span style=\"color: #008000;\"><em><span style=\"font-size: 14pt;\"><strong>Infos pratiques :<\/strong><br \/>\n<\/span><\/em><\/span><\/p>\n<p style=\"text-align: center;\"><span style=\"color: #008000;\"><em><span style=\"font-size: 14pt;\"><span style=\"color: #800080;\"><strong><span style=\"font-size: 18pt;\">* <\/span><\/strong><span style=\"font-size: 18pt; color: #008000;\"><span style=\"font-size: 14pt;\">T<\/span><\/span><\/span>arif : <\/span><\/em><\/span><\/p>\n<p style=\"text-align: center;\"><span style=\"color: #008000;\"><em><span style=\"font-size: 14pt;\">\u00a0<\/span><\/em><\/span><span style=\"color: #008000;\"><em><span style=\"font-size: 14pt;\"><strong> 30\u20ac<\/strong> pour la s\u00e9ance de la journ\u00e9e de <strong>9h \u00e0 17h<\/strong> <\/span><\/em><\/span><\/p>\n<p style=\"text-align: center;\"><span style=\"color: #008000;\"><em><span style=\"font-size: 14pt;\">avec message symbolique sur l&rsquo;inspiration port\u00e9e \u00e0 la r\u00e9alisation, <\/span><\/em><\/span><\/p>\n<p style=\"text-align: center;\"><span style=\"color: #008000;\"><em><span style=\"font-size: 14pt;\">et repas apport\u00e9 avec soi (r\u00e9chauffage possible). <strong><br \/>\n<\/strong><\/span><\/em><\/span><\/p>\n<p style=\"text-align: center;\"><span style=\"color: #008000;\"><em><span style=\"font-size: 14pt;\"><strong><span style=\"font-size: 18pt; color: #800080;\">*<\/span><\/strong> L&rsquo;accueil se passe\u00a0 348, route de France \u00e0 Trentels (47140). <\/span><\/em><\/span><\/p>\n<p style=\"text-align: center;\"><span style=\"color: #008000;\"><em><span style=\"font-size: 14pt;\"><strong><span style=\"font-size: 18pt; color: #800080;\">*<\/span><\/strong> Inscription par mail (ginette.losson@gmail.com) <\/span><\/em><\/span><\/p>\n<p style=\"text-align: center;\"><span style=\"color: #008000;\"><em><span style=\"font-size: 14pt;\"><span style=\"font-size: 18pt;\"><strong><span style=\"color: #800080;\"><br \/>\n<\/span><\/strong><\/span> <\/span><\/em><\/span><\/p>\n<p style=\"text-align: center;\"><span style=\"color: #008000;\"><em><span style=\"font-size: 14pt;\"><span style=\"color: #800080;\"><span style=\"font-size: 24pt;\"><span style=\"font-size: 14pt; color: #008000;\"><strong><span style=\"font-size: 18pt; color: #800080;\">\u00a0<\/span><\/strong><\/span><\/span><\/span><\/span><\/em><\/span><\/p>\n<p>&nbsp;<\/p>\n<p>&nbsp;<\/p>\n","protected":false},"excerpt":{"rendered":"<p>&nbsp; Au Gr\u00e9 du Vent atelier cr\u00e9atif *** &nbsp; Un atelier qui s&rsquo;inscrit dans l&rsquo;esprit de la M\u00e9decine Symbolique pour descendre dans la mati\u00e8re, concr\u00e9tiser un processus de r\u00e9alisation et&#8230;<\/p>\n","protected":false},"author":1,"featured_media":0,"parent":0,"menu_order":0,"comment_status":"closed","ping_status":"closed","template":"","meta":{"footnotes":""},"class_list":["post-2300","page","type-page","status-publish","hentry"],"_links":{"self":[{"href":"https:\/\/www.ginettelosson.fr\/index.php\/wp-json\/wp\/v2\/pages\/2300","targetHints":{"allow":["GET"]}}],"collection":[{"href":"https:\/\/www.ginettelosson.fr\/index.php\/wp-json\/wp\/v2\/pages"}],"about":[{"href":"https:\/\/www.ginettelosson.fr\/index.php\/wp-json\/wp\/v2\/types\/page"}],"author":[{"embeddable":true,"href":"https:\/\/www.ginettelosson.fr\/index.php\/wp-json\/wp\/v2\/users\/1"}],"replies":[{"embeddable":true,"href":"https:\/\/www.ginettelosson.fr\/index.php\/wp-json\/wp\/v2\/comments?post=2300"}],"version-history":[{"count":82,"href":"https:\/\/www.ginettelosson.fr\/index.php\/wp-json\/wp\/v2\/pages\/2300\/revisions"}],"predecessor-version":[{"id":2883,"href":"https:\/\/www.ginettelosson.fr\/index.php\/wp-json\/wp\/v2\/pages\/2300\/revisions\/2883"}],"wp:attachment":[{"href":"https:\/\/www.ginettelosson.fr\/index.php\/wp-json\/wp\/v2\/media?parent=2300"}],"curies":[{"name":"wp","href":"https:\/\/api.w.org\/{rel}","templated":true}]}}