{"id":2311,"date":"2021-05-15T12:55:43","date_gmt":"2021-05-15T12:55:43","guid":{"rendered":"http:\/\/ginettelosson.fr\/?page_id=2311"},"modified":"2023-01-30T18:24:17","modified_gmt":"2023-01-30T18:24:17","slug":"atelier-rencontre-avec-un-lieu-sacre","status":"publish","type":"page","link":"https:\/\/www.ginettelosson.fr\/index.php\/atelier-rencontre-avec-un-lieu-sacre\/","title":{"rendered":"Atelier Rencontre avec un Lieu Sacr\u00e9"},"content":{"rendered":"<p>&nbsp;<\/p>\n<p style=\"text-align: center;\"><img loading=\"lazy\" decoding=\"async\" class=\"wp-image-1367 aligncenter\" src=\"http:\/\/ginettelosson.fr\/wp-content\/uploads\/2016\/03\/couv-banniere-lieux-sacr\u00e9s-flou-1-300x100.jpg\" alt=\"\" width=\"555\" height=\"185\" srcset=\"https:\/\/www.ginettelosson.fr\/wp-content\/uploads\/2016\/03\/couv-banniere-lieux-sacr\u00e9s-flou-1-300x100.jpg 300w, https:\/\/www.ginettelosson.fr\/wp-content\/uploads\/2016\/03\/couv-banniere-lieux-sacr\u00e9s-flou-1-768x256.jpg 768w, https:\/\/www.ginettelosson.fr\/wp-content\/uploads\/2016\/03\/couv-banniere-lieux-sacr\u00e9s-flou-1-1024x341.jpg 1024w, https:\/\/www.ginettelosson.fr\/wp-content\/uploads\/2016\/03\/couv-banniere-lieux-sacr\u00e9s-flou-1-600x200.jpg 600w, https:\/\/www.ginettelosson.fr\/wp-content\/uploads\/2016\/03\/couv-banniere-lieux-sacr\u00e9s-flou-1.jpg 1200w\" sizes=\"auto, (max-width: 555px) 100vw, 555px\" \/><\/p>\n<p>&nbsp;<\/p>\n<p style=\"text-align: center;\"><span style=\"font-size: 24pt; color: #800080;\"><em><strong>Rencontre avec un Lieu Sacr\u00e9<\/strong><\/em><\/span><\/p>\n<p>&nbsp;<\/p>\n<p style=\"text-align: center;\"><span style=\"font-size: 14pt; color: #008000;\"><em>Ces lieux, on les trouve le plus souvent au c\u0153ur de la campagne, <\/em><\/span><\/p>\n<p style=\"text-align: center;\"><span style=\"font-size: 14pt; color: #008000;\"><em>au d\u00e9tour du chemin, dans un endroit paisible, <\/em><\/span><\/p>\n<p style=\"text-align: center;\"><span style=\"font-size: 14pt; color: #008000;\"><em>dans une \u00e9nergie qui invite \u00e0 y faire une halte pour s&rsquo;y ressourcer, car ils sont magiques : <\/em><\/span><\/p>\n<p style=\"text-align: center;\"><span style=\"font-size: 14pt; color: #008000;\"><em>\u00a0chapelle, source gu\u00e9risseuse, m\u00e9galithe, arbre, fontaine, lavoir &#8230;<\/em><\/span><\/p>\n<p style=\"text-align: center;\"><span style=\"font-size: 14pt; color: #008000;\"><em><span style=\"font-size: 24pt;\"><strong><span style=\"color: #993366;\">***<\/span><\/strong><\/span><\/em><\/span><\/p>\n<p style=\"text-align: center;\"><span style=\"font-size: 14pt; color: #008000;\"><em>Le jour de la rencontre, apr\u00e8s que chaque personne ait exprim\u00e9 sa demande, <\/em><\/span><\/p>\n<p style=\"text-align: center;\"><span style=\"font-size: 14pt; color: #008000;\"><em>le travail est<strong> guid\u00e9<\/strong> par le lieu, dans un esprit d&rsquo;<strong>\u00e9change<\/strong> avec lui, <\/em><\/span><\/p>\n<p style=\"text-align: center;\"><span style=\"font-size: 14pt; color: #008000;\"><em>en lien avec sa <strong>dimension th\u00e9rapeutique<\/strong>.<\/em><\/span><\/p>\n<p style=\"text-align: center;\"><span style=\"font-size: 14pt; color: #008000;\"><em>Le processus de soin est global et agit dans la <strong>synergie<\/strong> du groupe attir\u00e9 par le lieu, <\/em><\/span><\/p>\n<p style=\"text-align: center;\"><span style=\"font-size: 14pt; color: #008000;\"><em>par des positionnements, des d\u00e9placements pour se connecter \u00e0 sa <strong>vibration<\/strong> spirituelle,<br \/>\n<\/em><\/span><\/p>\n<p style=\"text-align: center;\"><span style=\"font-size: 14pt; color: #008000;\"><em>et surtout une grande pr\u00e9sence dans le l\u00e2cher-prise et la<strong> confiance<\/strong>. <\/em><\/span><\/p>\n<p style=\"text-align: center;\"><span style=\"font-size: 14pt; color: #008000;\"><em>La fin du soin respecte le temps de d\u00e9connexion.<br \/>\n<\/em><\/span><\/p>\n<p style=\"text-align: center;\"><span style=\"font-size: 14pt; color: #008000;\"><em>L&rsquo;atelier est propos\u00e9 en groupe ou en individuel et <\/em><\/span><span style=\"font-size: 14pt; color: #008000;\"><em>s&rsquo;adresse \u00e0 des adultes. <\/em><\/span><\/p>\n<p style=\"text-align: center;\"><span style=\"font-size: 14pt; color: #008000;\"><em>Il est suivi d&rsquo;un atelier de pr\u00e9sentation de soin en M\u00e9decine Symbolique. <\/em><\/span><\/p>\n<p style=\"text-align: center;\"><span style=\"font-size: 14pt; color: #008000;\"><em><span style=\"color: #993366;\"><strong><span style=\"font-size: 24pt;\">***<\/span><\/strong><\/span><\/em><\/span><\/p>\n<p style=\"text-align: center;\"><span style=\"color: #800080;\"><strong><span style=\"font-size: 14pt;\"><em>Infos pratiques :<br \/>\n<\/em><\/span><\/strong><\/span><\/p>\n<p style=\"text-align: center;\"><span style=\"font-size: 14pt; color: #008000;\"><em>L&rsquo;atelier se d\u00e9roule sur environ 3h, le matin ou l&rsquo;apr\u00e8s-midi selon la saison. <\/em><\/span><\/p>\n<p style=\"text-align: center;\"><span style=\"font-size: 14pt; color: #008000;\"><em>La fr\u00e9quence est d&rsquo;un par trimestre proche de l&rsquo;\u00e9quinoxe ou du solstice <\/em><\/span><\/p>\n<p style=\"text-align: center;\"><span style=\"font-size: 14pt; color: #008000;\"><em>pour \u00eatre dans la meilleure vibration du lieu.<\/em><\/span><\/p>\n<p style=\"text-align: center;\"><span style=\"font-size: 14pt; color: #008000;\"><em>Le tarif est de<strong> 30\u20ac<\/strong> par personne et<strong> 50\u20ac<\/strong> pour un couple. <\/em><\/span><\/p>\n<p style=\"text-align: center;\"><span style=\"font-size: 14pt; color: #008000;\"><em>Inscription par mail (ginette.losson@gmail.com).<br \/>\n<\/em><\/span><\/p>\n<p style=\"text-align: center;\"><span style=\"font-size: 14pt; color: #008000;\"><em><strong><span style=\"font-size: 24pt; color: #993366;\">*** <\/span><\/strong><\/em><\/span><\/p>\n<p style=\"text-align: center;\"><img loading=\"lazy\" decoding=\"async\" class=\"size-medium wp-image-1449 aligncenter\" src=\"http:\/\/ginettelosson.fr\/wp-content\/uploads\/2017\/09\/Source-et-Chapelle-St-Germain-300x180.jpg\" alt=\"\" width=\"300\" height=\"180\" srcset=\"https:\/\/www.ginettelosson.fr\/wp-content\/uploads\/2017\/09\/Source-et-Chapelle-St-Germain-300x180.jpg 300w, https:\/\/www.ginettelosson.fr\/wp-content\/uploads\/2017\/09\/Source-et-Chapelle-St-Germain-768x461.jpg 768w, https:\/\/www.ginettelosson.fr\/wp-content\/uploads\/2017\/09\/Source-et-Chapelle-St-Germain-1024x614.jpg 1024w, https:\/\/www.ginettelosson.fr\/wp-content\/uploads\/2017\/09\/Source-et-Chapelle-St-Germain-600x360.jpg 600w\" sizes=\"auto, (max-width: 300px) 100vw, 300px\" \/><\/p>\n<p style=\"text-align: center;\"><span style=\"font-size: 14pt; color: #008000;\"><em><strong><span style=\"font-size: 24pt; color: #993366;\">*** <\/span><\/strong><\/em><\/span><\/p>\n<p>&nbsp;<\/p>\n","protected":false},"excerpt":{"rendered":"<p>&nbsp; &nbsp; Rencontre avec un Lieu Sacr\u00e9 &nbsp; Ces lieux, on les trouve le plus souvent au c\u0153ur de la campagne, au d\u00e9tour du chemin, dans un endroit paisible, dans&#8230;<\/p>\n","protected":false},"author":1,"featured_media":0,"parent":0,"menu_order":0,"comment_status":"closed","ping_status":"closed","template":"","meta":{"footnotes":""},"class_list":["post-2311","page","type-page","status-publish","hentry"],"_links":{"self":[{"href":"https:\/\/www.ginettelosson.fr\/index.php\/wp-json\/wp\/v2\/pages\/2311","targetHints":{"allow":["GET"]}}],"collection":[{"href":"https:\/\/www.ginettelosson.fr\/index.php\/wp-json\/wp\/v2\/pages"}],"about":[{"href":"https:\/\/www.ginettelosson.fr\/index.php\/wp-json\/wp\/v2\/types\/page"}],"author":[{"embeddable":true,"href":"https:\/\/www.ginettelosson.fr\/index.php\/wp-json\/wp\/v2\/users\/1"}],"replies":[{"embeddable":true,"href":"https:\/\/www.ginettelosson.fr\/index.php\/wp-json\/wp\/v2\/comments?post=2311"}],"version-history":[{"count":16,"href":"https:\/\/www.ginettelosson.fr\/index.php\/wp-json\/wp\/v2\/pages\/2311\/revisions"}],"predecessor-version":[{"id":2666,"href":"https:\/\/www.ginettelosson.fr\/index.php\/wp-json\/wp\/v2\/pages\/2311\/revisions\/2666"}],"wp:attachment":[{"href":"https:\/\/www.ginettelosson.fr\/index.php\/wp-json\/wp\/v2\/media?parent=2311"}],"curies":[{"name":"wp","href":"https:\/\/api.w.org\/{rel}","templated":true}]}}