{"id":2319,"date":"2021-05-15T12:54:33","date_gmt":"2021-05-15T12:54:33","guid":{"rendered":"http:\/\/ginettelosson.fr\/?page_id=2319"},"modified":"2025-01-08T07:35:27","modified_gmt":"2025-01-08T07:35:27","slug":"atelier-accueil-de-soi","status":"publish","type":"page","link":"https:\/\/www.ginettelosson.fr\/index.php\/atelier-accueil-de-soi\/","title":{"rendered":"Atelier Accueil de Soi"},"content":{"rendered":"<p>&nbsp;<\/p>\n<p style=\"text-align: center;\"><img loading=\"lazy\" decoding=\"async\" class=\" wp-image-1830 aligncenter\" src=\"http:\/\/ginettelosson.fr\/wp-content\/uploads\/2019\/05\/7-300x200.jpg\" alt=\"\" width=\"374\" height=\"249\" srcset=\"https:\/\/www.ginettelosson.fr\/wp-content\/uploads\/2019\/05\/7-300x200.jpg 300w, https:\/\/www.ginettelosson.fr\/wp-content\/uploads\/2019\/05\/7-768x512.jpg 768w, https:\/\/www.ginettelosson.fr\/wp-content\/uploads\/2019\/05\/7-1024x683.jpg 1024w, https:\/\/www.ginettelosson.fr\/wp-content\/uploads\/2019\/05\/7-600x400.jpg 600w\" sizes=\"auto, (max-width: 374px) 100vw, 374px\" \/><\/p>\n<p>&nbsp;<\/p>\n<p style=\"text-align: center;\"><span style=\"font-size: 24pt; color: #800080;\"><em><strong>Atelier Accueil de Soi<\/strong><\/em><\/span><\/p>\n<p style=\"text-align: center;\"><span style=\"font-size: 24pt; color: #800080;\"><strong>***<\/strong><\/span><\/p>\n<p style=\"text-align: center;\"><span style=\"font-size: 14pt; color: #008000;\"><em>Cet atelier est un atelier de groupe<\/em><\/span><\/p>\n<p style=\"text-align: center;\"><span style=\"font-size: 14pt; color: #008000;\"><em>sur une journ\u00e9e,<br \/>\n<\/em><\/span><\/p>\n<p style=\"text-align: center;\"><span style=\"font-size: 14pt; color: #008000;\"><em>dans un lieu entour\u00e9 de nature. <\/em><\/span><\/p>\n<p style=\"text-align: center;\"><span style=\"font-size: 14pt; color: #008000;\"><em>Les activit\u00e9s propos\u00e9es sont un autre cheminement vers son int\u00e9rieur\u00a0 <\/em><\/span><\/p>\n<p style=\"text-align: center;\"><span style=\"font-size: 14pt; color: #008000;\"><em>pour d\u00e9passer les blocages \u00e0 l&rsquo;expression personnelle. <\/em><\/span><\/p>\n<p style=\"text-align: center;\"><span style=\"font-size: 14pt; color: #008000;\"><em>Chaque s\u00e9ance propose <strong>un th\u00e8me de travail diff\u00e9rent<\/strong><\/em><\/span><\/p>\n<p style=\"text-align: center;\"><span style=\"font-size: 14pt; color: #008000;\"><em>avec, dans une synergie, un ordre et un nombre vari\u00e9, les outils suivants :<br \/>\n<\/em><\/span><\/p>\n<p style=\"text-align: center;\"><span style=\"font-size: 14pt; color: #008000;\"><em><span style=\"font-size: 18pt; color: #800080;\"><strong>*\u00a0<\/strong><\/span> message personnel et collectif de <strong>M\u00e9decine Symbolique<\/strong><\/em><\/span><\/p>\n<p style=\"text-align: center;\"><span style=\"font-size: 14pt; color: #008000;\"><em><strong><span style=\"font-size: 18pt; color: #800080;\">* <\/span><\/strong>tirage de <strong>cartes<\/strong> de d\u00e9veloppement personnel et analyse des messages<\/em><\/span><\/p>\n<p style=\"text-align: center;\"><span style=\"font-size: 14pt; color: #008000;\"><em><span style=\"color: #800080;\"><strong><span style=\"font-size: 18pt;\">*<\/span><\/strong><\/span> rencontre du Sacr\u00e9 \u00e0 travers un <strong>labyrinthe<\/strong> <\/em><\/span><\/p>\n<p style=\"text-align: center;\"><span style=\"font-size: 14pt; color: #008000;\"><em><span style=\"font-size: 18pt; color: #800080;\"><strong>*<\/strong> <\/span>travail avec les \u00e9l\u00e9ments, les plantes, les arbres <\/em><\/span><\/p>\n<p style=\"text-align: center;\"><span style=\"font-size: 14pt; color: #008000;\"><em><span style=\"color: #993366; font-size: 18pt;\"><strong>*<\/strong><\/span> initiation <strong>enn\u00e9agramme<\/strong><br \/>\n<\/em><\/span><\/p>\n<p style=\"text-align: center;\"><span style=\"font-size: 14pt; color: #008000;\"><em><span style=\"font-size: 18pt; color: #800080;\"><strong>* <\/strong><\/span>m\u00e9ditation<br \/>\n<\/em><\/span><\/p>\n<p style=\"text-align: center;\"><span style=\"font-size: 14pt; color: #008000;\"><em><span style=\"font-size: 18pt; color: #800080;\"><strong>* <\/strong><\/span>expression<strong> cr\u00e9ative<\/strong> individuelle dans le collectif<br \/>\n<\/em><\/span><\/p>\n<p style=\"text-align: center;\"><span style=\"font-size: 14pt; color: #008000;\"><em><span style=\"font-size: 18pt; color: #800080;\"><strong>*<\/strong> <\/span>synth\u00e8se et d\u00e9connexion du lieu<br \/>\n<\/em><\/span><\/p>\n<p style=\"text-align: center;\"><span style=\"font-size: 24pt; color: #800080;\"><em><strong>***<\/strong><\/em><\/span><\/p>\n<p style=\"text-align: center;\"><span style=\"font-size: 14pt; color: #008000;\"><img loading=\"lazy\" decoding=\"async\" class=\"size-medium wp-image-1864 aligncenter\" src=\"http:\/\/ginettelosson.fr\/wp-content\/uploads\/2019\/05\/20190521_173128-180x300.jpg\" alt=\"\" width=\"180\" height=\"300\" srcset=\"https:\/\/www.ginettelosson.fr\/wp-content\/uploads\/2019\/05\/20190521_173128-180x300.jpg 180w, https:\/\/www.ginettelosson.fr\/wp-content\/uploads\/2019\/05\/20190521_173128-768x1280.jpg 768w, https:\/\/www.ginettelosson.fr\/wp-content\/uploads\/2019\/05\/20190521_173128-614x1024.jpg 614w, https:\/\/www.ginettelosson.fr\/wp-content\/uploads\/2019\/05\/20190521_173128-600x1000.jpg 600w, https:\/\/www.ginettelosson.fr\/wp-content\/uploads\/2019\/05\/20190521_173128.jpg 1536w\" sizes=\"auto, (max-width: 180px) 100vw, 180px\" \/><\/span><\/p>\n<p style=\"text-align: center;\"><span style=\"font-size: 24pt; color: #800080;\"><em><strong>***<\/strong><\/em><\/span><\/p>\n<p style=\"text-align: center;\"><span style=\"font-size: 14pt; color: #008000;\"><strong><em>infos pratiques<\/em><\/strong><em> :<br \/>\n<\/em><\/span><\/p>\n<p style=\"text-align: center;\"><span style=\"font-size: 14pt;\"><em><span style=\"color: #008000;\"><strong><span style=\"font-size: 18pt; color: #800080;\">*<\/span><\/strong> lieu : 348, route de France \u00e0 Trentels 47140<\/span><\/em><\/span><\/p>\n<p style=\"text-align: center;\"><span style=\"font-size: 14pt; color: #008000;\"><em><span style=\"font-size: 18pt;\"><strong><span style=\"color: #800080;\">*<\/span><\/strong><\/span> horaires : <\/em><em><strong>de 9h \u00e0 17h .\u00a0 <\/strong><\/em><\/span><\/p>\n<p style=\"text-align: center;\"><span style=\"font-size: 14pt; color: #008000;\"><em>Une tenue d\u00e9contract\u00e9e (avec baskets ou bottes) est conseill\u00e9e <\/em><\/span><\/p>\n<p style=\"text-align: center;\"><span style=\"font-size: 14pt; color: #008000;\"><em>car une partie de la s\u00e9ance se d\u00e9roule \u00e0 l&rsquo;ext\u00e9rieur <\/em><\/span><\/p>\n<p style=\"text-align: center;\"><span style=\"font-size: 14pt; color: #008000;\"><em>(herbe et sous-bois). <\/em><\/span><\/p>\n<p style=\"text-align: center;\"><span style=\"font-size: 14pt; color: #008000;\"><em>Pr\u00e9voir son pique-nique (r\u00e9chauffage possible)<br \/>\n<\/em><\/span><\/p>\n<p style=\"text-align: center;\"><span style=\"font-size: 14pt; color: #008000;\"><em><span style=\"font-size: 18pt; color: #800080;\"><strong>*<\/strong> <\/span>tarif\u00a0 : <strong>50\u20ac <\/strong><\/em><\/span><\/p>\n<p style=\"text-align: center;\"><span style=\"font-size: 14pt; color: #008000;\"><em><strong><span style=\"font-size: 18pt; color: #800080;\">* <\/span><\/strong><span style=\"font-size: 18pt;\"><span style=\"font-size: 14pt;\"><span style=\"color: #008000;\">i<\/span>ns<\/span><\/span><span style=\"font-size: 14pt;\">cription par mail (ginette.losson@gmail.com)<\/span><strong><br \/>\n<\/strong><\/em><\/span><\/p>\n<p>&nbsp;<\/p>\n<p>&nbsp;<\/p>\n","protected":false},"excerpt":{"rendered":"<p>&nbsp; &nbsp; Atelier Accueil de Soi *** Cet atelier est un atelier de groupe sur une journ\u00e9e, dans un lieu entour\u00e9 de nature. Les activit\u00e9s propos\u00e9es sont un autre cheminement&#8230;<\/p>\n","protected":false},"author":1,"featured_media":0,"parent":0,"menu_order":0,"comment_status":"closed","ping_status":"closed","template":"","meta":{"footnotes":""},"class_list":["post-2319","page","type-page","status-publish","hentry"],"_links":{"self":[{"href":"https:\/\/www.ginettelosson.fr\/index.php\/wp-json\/wp\/v2\/pages\/2319","targetHints":{"allow":["GET"]}}],"collection":[{"href":"https:\/\/www.ginettelosson.fr\/index.php\/wp-json\/wp\/v2\/pages"}],"about":[{"href":"https:\/\/www.ginettelosson.fr\/index.php\/wp-json\/wp\/v2\/types\/page"}],"author":[{"embeddable":true,"href":"https:\/\/www.ginettelosson.fr\/index.php\/wp-json\/wp\/v2\/users\/1"}],"replies":[{"embeddable":true,"href":"https:\/\/www.ginettelosson.fr\/index.php\/wp-json\/wp\/v2\/comments?post=2319"}],"version-history":[{"count":22,"href":"https:\/\/www.ginettelosson.fr\/index.php\/wp-json\/wp\/v2\/pages\/2319\/revisions"}],"predecessor-version":[{"id":2855,"href":"https:\/\/www.ginettelosson.fr\/index.php\/wp-json\/wp\/v2\/pages\/2319\/revisions\/2855"}],"wp:attachment":[{"href":"https:\/\/www.ginettelosson.fr\/index.php\/wp-json\/wp\/v2\/media?parent=2319"}],"curies":[{"name":"wp","href":"https:\/\/api.w.org\/{rel}","templated":true}]}}