{"id":47,"date":"2015-12-21T09:54:21","date_gmt":"2015-12-21T09:54:21","guid":{"rendered":"http:\/\/ginettelosson.fr\/?page_id=47"},"modified":"2020-06-23T09:14:32","modified_gmt":"2020-06-23T09:14:32","slug":"biographie","status":"publish","type":"page","link":"https:\/\/www.ginettelosson.fr\/index.php\/biographie\/","title":{"rendered":"Biographie"},"content":{"rendered":"<p style=\"text-align: justify;\"><em><img loading=\"lazy\" decoding=\"async\" class=\"alignnone wp-image-577\" src=\"http:\/\/ginettelosson.fr\/wp-content\/uploads\/2015\/12\/Make-it-green-Copie-300x159.jpg\" alt=\"Make-it-green - Copie\" width=\"975\" height=\"517\" srcset=\"https:\/\/www.ginettelosson.fr\/wp-content\/uploads\/2015\/12\/Make-it-green-Copie-300x159.jpg 300w, https:\/\/www.ginettelosson.fr\/wp-content\/uploads\/2015\/12\/Make-it-green-Copie.jpg 435w\" sizes=\"auto, (max-width: 975px) 100vw, 975px\" \/><\/em><\/p>\n<p style=\"padding-left: 360px;\"><span style=\"color: #cc99ff;\"><strong><em><span style=\"font-size: 14pt;\">\u00a0\u00a0\u00a0<span style=\"font-size: 18pt;\"><span style=\"font-size: 14pt;\"> les secrets de l&rsquo;arbre &#8230;<\/span><br \/>\n<\/span><\/span><\/em><\/strong><\/span><\/p>\n<p style=\"text-align: left;\"><strong><span style=\"color: #008000; font-size: 18pt; font-family: georgia,palatino,serif;\"><em>H\u00e9ritage familial et programme de naissance &#8230;<\/em><\/span><\/strong><\/p>\n<p style=\"text-align: left;\"><span style=\"color: #008000; font-size: 14pt; font-family: georgia,palatino,serif;\"><em>Enfant, je voulais \u00eatre psychologue &#8230; la vie en a d\u00e9cid\u00e9 autrement &#8230;<\/em><\/span><\/p>\n<p style=\"text-align: justify;\"><span style=\"color: #008000; font-size: 14pt; font-family: georgia,palatino,serif;\"><em>Au mieux, pour <strong>honorer<\/strong> les aspirations profondes de mes parents et susciter leur int\u00e9r\u00eat, je me suis mise au service de l&rsquo;enfance et je me suis lanc\u00e9e dans une carri\u00e8re d&rsquo;institutrice. Mais la retraite m&rsquo;a r\u00e9v\u00e9l\u00e9 un manque \u00e9norme de r\u00e9alisation personnelle &#8230; et tout a bascul\u00e9 : lieu de vie, couple, famille, relations &#8230; et la solitude a\u00a0 \u00e9t\u00e9 le d\u00e9but d&rsquo;un long chemin vers moi-m\u00eame.<\/em><\/span><\/p>\n<p style=\"text-align: center;\"><strong><span style=\"color: #008000; font-size: 14pt; font-family: georgia,palatino,serif;\"><em><span style=\"font-size: 24pt;\">***<\/span><\/em><\/span><\/strong><\/p>\n<p style=\"text-align: left;\"><span style=\"font-size: 14pt; font-family: georgia,palatino,serif;\"><span style=\"color: #008000;\"><em><span style=\"font-size: 18pt;\"><strong>puis je prends<\/strong> <strong>ma place &#8230;<\/strong><\/span> <\/em><\/span><\/span><\/p>\n<p style=\"text-align: center;\"><span style=\"font-size: 14pt; font-family: georgia,palatino,serif;\"><span style=\"color: #008000;\"><em>rencontres, constellation familiale, nouveau couple. <\/em><\/span><\/span><\/p>\n<p style=\"text-align: center;\"><span style=\"font-size: 14pt; font-family: georgia,palatino,serif;\"><span style=\"color: #008000;\"><em>J&rsquo;entreprends des recherches g\u00e9n\u00e9alogiques <\/em><\/span><\/span><\/p>\n<p style=\"text-align: center;\"><span style=\"font-size: 14pt; font-family: georgia,palatino,serif;\"><span style=\"color: #008000;\"><em>pour <\/em><em>donner de l&rsquo;existence \u00e0 ma nombreuse famille et trouver <strong>l&rsquo;ancrage<\/strong>, <\/em><\/span><\/span><\/p>\n<p style=\"text-align: center;\"><span style=\"font-size: 14pt; font-family: georgia,palatino,serif;\"><span style=\"color: #008000;\"><em>suivies d&rsquo;une longue et bienfaisante th\u00e9rapie de psychog\u00e9n\u00e9alogie. <\/em><\/span><\/span><\/p>\n<p style=\"text-align: center;\"><span style=\"font-size: 14pt; font-family: georgia,palatino,serif;\"><span style=\"color: #008000;\"><em><strong><span style=\"font-size: 24pt;\">***<\/span> <\/strong><\/em><\/span><\/span><\/p>\n<p style=\"text-align: left;\"><span style=\"font-size: 14pt; font-family: georgia,palatino,serif;\"><span style=\"color: #008000;\"><em><span style=\"font-size: 18pt;\"><strong>les portes s&rsquo;ouvrent &#8230;<\/strong><\/span><br \/>\n<\/em><\/span><\/span><\/p>\n<p style=\"text-align: center;\"><span style=\"font-size: 14pt; font-family: georgia,palatino,serif;\"><span style=\"color: #008000;\"><em>d&rsquo;autres rencontres et d\u00e9couvertes : <\/em><\/span><\/span><\/p>\n<p style=\"text-align: center;\"><span style=\"font-size: 14pt; font-family: georgia,palatino,serif;\"><span style=\"color: #008000;\"><em>la radiesth\u00e9sie et le reiki, <\/em><\/span><\/span><\/p>\n<p style=\"text-align: center;\"><span style=\"font-size: 14pt; font-family: georgia,palatino,serif;\"><span style=\"color: #008000;\"><em>des conf\u00e9rences sur le bien-\u00eatre et la <\/em><em>vie spirituelle, <\/em><\/span><\/span><\/p>\n<p style=\"text-align: center;\"><span style=\"font-size: 14pt; font-family: georgia,palatino,serif;\"><span style=\"color: #008000;\"><em>la d\u00e9couverte de hauts lieux d&rsquo;\u00e9nergie, le feng shui,\u00a0<\/em> <\/span><\/span><\/p>\n<p style=\"text-align: center;\"><span style=\"font-size: 14pt; font-family: georgia,palatino,serif;\"><span style=\"color: #008000;\"><em>l&rsquo;<\/em><\/span> <span style=\"color: #008000;\"><em>ho&rsquo;oponopono qui m&rsquo;ouvre au pardon,<\/em><\/span><\/span><\/p>\n<p style=\"text-align: center;\"><span style=\"font-size: 14pt; font-family: georgia,palatino,serif;\"><span style=\"color: #008000;\"><em> le yoga, la num\u00e9rologie, le qi gong, la m\u00e9ditation <\/em><\/span><\/span><\/p>\n<p style=\"text-align: center;\"><span style=\"font-size: 14pt; font-family: georgia,palatino,serif;\"><span style=\"color: #008000;\"><em><span style=\"font-size: 24pt;\"><strong>***<\/strong><\/span><\/em><\/span><\/span><\/p>\n<p><span style=\"color: #008000; font-size: 14pt; font-family: georgia,palatino,serif;\"><em><span style=\"font-size: 18pt;\"><strong>enfin, je suis praticienne de soins &#8230;<\/strong><\/span><\/em><\/span><\/p>\n<p style=\"text-align: justify;\"><span style=\"font-size: 14pt; color: #008000;\"><em>ave<span style=\"color: #008000;\">c <\/span><span style=\"font-size: 18pt;\"><a href=\"http:\/\/ginettelosson.fr\/\"><strong><span style=\"color: #800080;\"><span style=\"color: #cc99ff;\">la m\u00e9decine symbolique<\/span><\/span><\/strong><\/a><\/span><\/em><\/span><span style=\"color: #008000;\"><em><span style=\"font-size: 14pt;\"> qui d\u00e9code mes blessures de l&rsquo;\u00e2me et m&rsquo;ouvre \u00e0 la conscience.\u00a0<\/span> <\/em><\/span><\/p>\n<p style=\"text-align: justify;\"><span style=\"color: #008000; font-size: 14pt; font-family: georgia,palatino,serif;\"><em>Toutes ces d\u00e9couvertes exp\u00e9riment\u00e9es m&rsquo;ont reconstruite et constituent <\/em><em>l&rsquo;essence m\u00eame de ma contribution de <strong>partage<\/strong> sur le chemin de l&rsquo;apaisement de l&rsquo;\u00e2me.<\/em><\/span><\/p>\n<p style=\"text-align: center;\"><span style=\"color: #008000; font-size: 14pt; font-family: georgia,palatino,serif;\"><em><span style=\"font-size: 24pt;\"><strong>***<\/strong><\/span><\/em><\/span><\/p>\n<p><span style=\"border-radius: 2px; text-indent: 20px; width: auto; padding: 0px 4px 0px 0px; text-align: center; font: bold 11px\/20px 'Helvetica Neue',Helvetica,sans-serif; color: #ffffff; background: #bd081c no-repeat scroll 3px 50% \/ 14px 14px; position: absolute; opacity: 1; z-index: 8675309; display: none; cursor: pointer; top: 36px; left: 20px;\">Enregistrer<\/span><\/p>\n<p><span style=\"border-radius: 2px; text-indent: 20px; width: auto; padding: 0px 4px 0px 0px; text-align: center; font: bold 11px\/20px 'Helvetica Neue',Helvetica,sans-serif; color: #ffffff; background: #bd081c no-repeat scroll 3px 50% \/ 14px 14px; position: absolute; opacity: 1; z-index: 8675309; display: none; cursor: pointer; top: 36px; left: 20px;\">Enregistrer<\/span><\/p>\n","protected":false},"excerpt":{"rendered":"<p>\u00a0\u00a0\u00a0 les secrets de l&rsquo;arbre &#8230; H\u00e9ritage familial et programme de naissance &#8230; Enfant, je voulais \u00eatre psychologue &#8230; la vie en a d\u00e9cid\u00e9 autrement &#8230; Au mieux, pour honorer&#8230;<\/p>\n","protected":false},"author":1,"featured_media":0,"parent":0,"menu_order":5,"comment_status":"closed","ping_status":"closed","template":"","meta":{"footnotes":""},"class_list":["post-47","page","type-page","status-publish","hentry"],"_links":{"self":[{"href":"https:\/\/www.ginettelosson.fr\/index.php\/wp-json\/wp\/v2\/pages\/47","targetHints":{"allow":["GET"]}}],"collection":[{"href":"https:\/\/www.ginettelosson.fr\/index.php\/wp-json\/wp\/v2\/pages"}],"about":[{"href":"https:\/\/www.ginettelosson.fr\/index.php\/wp-json\/wp\/v2\/types\/page"}],"author":[{"embeddable":true,"href":"https:\/\/www.ginettelosson.fr\/index.php\/wp-json\/wp\/v2\/users\/1"}],"replies":[{"embeddable":true,"href":"https:\/\/www.ginettelosson.fr\/index.php\/wp-json\/wp\/v2\/comments?post=47"}],"version-history":[{"count":55,"href":"https:\/\/www.ginettelosson.fr\/index.php\/wp-json\/wp\/v2\/pages\/47\/revisions"}],"predecessor-version":[{"id":2071,"href":"https:\/\/www.ginettelosson.fr\/index.php\/wp-json\/wp\/v2\/pages\/47\/revisions\/2071"}],"wp:attachment":[{"href":"https:\/\/www.ginettelosson.fr\/index.php\/wp-json\/wp\/v2\/media?parent=47"}],"curies":[{"name":"wp","href":"https:\/\/api.w.org\/{rel}","templated":true}]}}