{"id":53,"date":"2015-12-21T10:15:19","date_gmt":"2015-12-21T10:15:19","guid":{"rendered":"http:\/\/ginettelosson.fr\/?page_id=53"},"modified":"2020-06-22T14:11:55","modified_gmt":"2020-06-22T14:11:55","slug":"types-de-problematiques","status":"publish","type":"page","link":"https:\/\/www.ginettelosson.fr\/index.php\/types-de-problematiques\/","title":{"rendered":"Probl\u00e9matiques et Bienfaits"},"content":{"rendered":"<p>&nbsp;<\/p>\n<div id='gallery-1' class='gallery galleryid-53 gallery-columns-3 gallery-size-thumbnail'><figure class='gallery-item'>\n\t\t\t<div class='gallery-icon landscape'>\n\t\t\t\t<a href='https:\/\/www.ginettelosson.fr\/index.php\/types-de-problematiques\/maison-malade\/'><img loading=\"lazy\" decoding=\"async\" width=\"150\" height=\"150\" src=\"https:\/\/www.ginettelosson.fr\/wp-content\/uploads\/2015\/12\/maison-malade-150x150.jpg\" class=\"attachment-thumbnail size-thumbnail\" alt=\"\" srcset=\"https:\/\/www.ginettelosson.fr\/wp-content\/uploads\/2015\/12\/maison-malade-150x150.jpg 150w, https:\/\/www.ginettelosson.fr\/wp-content\/uploads\/2015\/12\/maison-malade-300x300.jpg 300w, https:\/\/www.ginettelosson.fr\/wp-content\/uploads\/2015\/12\/maison-malade-768x768.jpg 768w, https:\/\/www.ginettelosson.fr\/wp-content\/uploads\/2015\/12\/maison-malade.jpg 866w\" sizes=\"auto, (max-width: 150px) 100vw, 150px\" \/><\/a>\n\t\t\t<\/div><\/figure><figure class='gallery-item'>\n\t\t\t<div class='gallery-icon portrait'>\n\t\t\t\t<a href='https:\/\/www.ginettelosson.fr\/index.php\/types-de-problematiques\/cadran-solaire\/'><img loading=\"lazy\" decoding=\"async\" width=\"150\" height=\"150\" src=\"https:\/\/www.ginettelosson.fr\/wp-content\/uploads\/2015\/12\/cadran-solaire-150x150.jpg\" class=\"attachment-thumbnail size-thumbnail\" alt=\"\" srcset=\"https:\/\/www.ginettelosson.fr\/wp-content\/uploads\/2015\/12\/cadran-solaire-150x150.jpg 150w, https:\/\/www.ginettelosson.fr\/wp-content\/uploads\/2015\/12\/cadran-solaire-300x300.jpg 300w, https:\/\/www.ginettelosson.fr\/wp-content\/uploads\/2015\/12\/cadran-solaire.jpg 407w\" sizes=\"auto, (max-width: 150px) 100vw, 150px\" \/><\/a>\n\t\t\t<\/div><\/figure><figure class='gallery-item'>\n\t\t\t<div class='gallery-icon landscape'>\n\t\t\t\t<a href='https:\/\/www.ginettelosson.fr\/index.php\/types-de-problematiques\/attachment\/11\/'><img loading=\"lazy\" decoding=\"async\" width=\"150\" height=\"150\" src=\"https:\/\/www.ginettelosson.fr\/wp-content\/uploads\/2015\/12\/11-150x150.jpg\" class=\"attachment-thumbnail size-thumbnail\" alt=\"\" srcset=\"https:\/\/www.ginettelosson.fr\/wp-content\/uploads\/2015\/12\/11-150x150.jpg 150w, https:\/\/www.ginettelosson.fr\/wp-content\/uploads\/2015\/12\/11.jpg 257w\" sizes=\"auto, (max-width: 150px) 100vw, 150px\" \/><\/a>\n\t\t\t<\/div><\/figure>\n\t\t<\/div>\n\n<p><em><span style=\"font-size: 14pt;\"><strong><span style=\"color: #cc99ff;\">\u00a0\u00a0\u00a0\u00a0 <span style=\"font-size: 12pt; font-family: georgia,palatino,serif;\">Quand le mal-a-dit &#8230;\u00a0\u00a0\u00a0\u00a0\u00a0\u00a0\u00a0\u00a0\u00a0\u00a0\u00a0\u00a0\u00a0\u00a0\u00a0\u00a0\u00a0\u00a0\u00a0 il est temps &#8230;\u00a0\u00a0\u00a0\u00a0\u00a0\u00a0\u00a0\u00a0\u00a0\u00a0\u00a0\u00a0\u00a0\u00a0\u00a0\u00a0 de lib\u00e9rer les entraves &#8230;<\/span><\/span><\/strong><\/span><\/em><\/p>\n<p>&nbsp;<\/p>\n<p style=\"padding-left: 30px; text-align: left;\"><span style=\"color: #808000;\"><strong><span style=\"font-size: 18pt; font-family: georgia,palatino,serif;\"><em><span style=\"color: #800080;\">Les pierres de votre jardin<\/span><\/em><\/span><em><br \/>\n<\/em><\/strong><\/span><\/p>\n<p>&nbsp;<\/p>\n<p style=\"padding-left: 30px;\"><span style=\"color: #008000; font-size: 14pt;\"><em>Pourquoi consulter?<br \/>\n<\/em><\/span><\/p>\n<p><span style=\"font-size: 14pt;\"><em><span style=\"color: #008000;\">* Vous sentez que votre<strong> potentiel<\/strong> n&rsquo;est pas exprim\u00e9.<\/span><\/em><\/span><\/p>\n<p><span style=\"color: #008000; font-size: 14pt;\"><em>* Vous \u00eates mal \u00e0 l&rsquo;aise dans votre lieu de vie ou de travail mais aussi dans votre vie sentimentale, familiale, sociale, professionnelle avec une<strong> r\u00e9p\u00e9tition d&rsquo;\u00e9v\u00e8nements n\u00e9gatifs<\/strong>.<\/em><\/span><\/p>\n<p><span style=\"font-size: 14pt; color: #008000;\"><em>* Vous avez des difficult\u00e9s \u00e0 prendre<strong> votre<\/strong> <strong>place<\/strong>.<\/em><\/span><\/p>\n<p><span style=\"font-size: 14pt; color: #008000;\"><em>* Vous ressentez un manque d&rsquo;ancrage personnel et l&rsquo;histoire de votre <strong>famille<\/strong> est lourde. <\/em><\/span><\/p>\n<p><span style=\"font-size: 14pt; color: #008000;\"><em>* Votre <strong>vie de couple<\/strong> est difficile ou vous vivez la solitude.<br \/>\n<\/em><\/span><\/p>\n<p><span style=\"font-size: 14pt;\"><em><span style=\"color: #008000;\">* Votre <strong>cr\u00e9ativit\u00e9<\/strong> est en berne. <\/span><\/em><\/span><\/p>\n<p><span style=\"font-size: 14pt;\"><em><span style=\"color: #008000;\">* <strong>L&rsquo;amour<\/strong> de soi et des autres et en souffrance.<\/span><\/em><\/span><\/p>\n<p style=\"text-align: justify;\"><span style=\"font-size: 14pt; color: #008000;\"><em>* Votre corps est assailli de<strong> maladies<\/strong>, de<strong> douleurs<\/strong> tenaces et r\u00e9cidivantes. <\/em><\/span><\/p>\n<p style=\"text-align: justify;\"><span style=\"font-size: 14pt; color: #008000;\"><em>* Votre mental est envahi de pens\u00e9es <strong>obs\u00e9dantes<\/strong>.<br \/>\n<\/em><\/span><\/p>\n<p style=\"text-align: justify;\"><span style=\"font-size: 14pt; color: #008000;\"><em>Toutes ces situations t\u00e9moignent de votre mal-\u00eatre existentiel et perturbent l&rsquo;\u00e2me, le corps et l&rsquo;esprit. Ce sont des <strong>signaux<\/strong> envoy\u00e9s par la vie pour \u00eatre<\/em> <em>d\u00e9cod\u00e9s comme autant de <strong>fardeaux<\/strong> <strong>et m\u00e9moires<\/strong> dont il faut comprendre le sens pour qu&rsquo;ensuite, ils soient d\u00e9gag\u00e9s et que l&rsquo;\u00e2me puisse progresser sur son chemin d&rsquo;\u00e9veil. La <strong>M\u00e9decine Symbolique<\/strong> peut vous y aider.<br \/>\n<\/em><\/span><\/p>\n<p style=\"text-align: center;\"><span style=\"font-size: 14pt; color: #008000;\"><em><strong><span style=\"font-size: 24pt;\">***<\/span><\/strong><\/em><\/span><\/p>\n<p style=\"text-align: justify; padding-left: 30px;\"><span style=\"font-size: 18pt; color: #008000;\"><em>\u00a0<\/em><\/span><\/p>\n<h2 style=\"padding-left: 30px; text-align: left;\"><strong>\u00a0<span style=\"color: #800080; font-size: 24pt; font-family: georgia,palatino,serif;\"><span style=\"font-size: 18pt;\"><em>Le Cadeau des pierres<\/em><em>,<\/em><\/span><em><span style=\"font-size: 18pt;\">\u00a0<\/span> <\/em><\/span><\/strong><\/h2>\n<h2><span style=\"font-size: 14pt; font-family: georgia,palatino,serif;\"><strong><em><span style=\"color: #008000;\">apr\u00e8s l&rsquo;\u00e9clairage du sens et leur remise en place positive :<\/span><\/em><\/strong><\/span><\/h2>\n<p>&nbsp;<\/p>\n<p style=\"padding-left: 150px;\"><span style=\"color: #800080; font-size: 14pt; font-family: georgia,palatino,serif;\"><em>\u00ab\u00a0On peut aussi b\u00e2tir quelque chose de beau<\/em><\/span><\/p>\n<p style=\"padding-left: 150px;\"><span style=\"font-size: 18pt; color: #800080;\"><em><span style=\"font-family: georgia,palatino,serif;\"><span style=\"font-size: 14pt;\">\u00a0 avec les pierres qui entravent le chemin\u00a0\u00bb\u00a0\u00a0\u00a0<\/span>\u00a0 <span style=\"color: #800080; font-size: 12pt;\">Goethe<\/span><\/span><br \/>\n<\/em><\/span><\/p>\n<p style=\"padding-left: 480px;\"><span style=\"color: #800080;\"><em><span style=\"font-size: 14pt;\">\u00a0<\/span><\/em><\/span><\/p>\n<p><span style=\"color: #008000; font-size: 14pt;\"><em>* Vous <strong>rayonnez <\/strong>dans l&rsquo;amour de vous-m\u00eame et des autres.<\/em><\/span><\/p>\n<p><span style=\"color: #008000; font-size: 14pt;\"><em>* Vous nourrissez des <strong>projets<\/strong> personnels.<\/em><\/span><\/p>\n<p><span style=\"color: #008000; font-size: 14pt;\"><em>* Vous ouvrez les portes de vos <strong>ressources<\/strong> que vous exprimez dans votre travail.<\/em><\/span><\/p>\n<p><span style=\"color: #008000; font-size: 14pt;\"><em>* Vous cheminez dans une belle \u00e9nergie d<strong>&lsquo;harmonie<\/strong> et de <strong>s\u00e9r\u00e9nit\u00e9<\/strong> avec votre entourage.<\/em><\/span><\/p>\n<p><span style=\"color: #008000; font-size: 14pt;\"><em>* Vous vous \u00e9panouissez \u00e0 la <strong>place<\/strong> qui est la v\u00f4tre et vous \u00eates enfin vous-m\u00eame dans le bonheur d&rsquo;habiter en soi.<\/em><\/span><\/p>\n<p style=\"text-align: center;\"><span style=\"color: #008000; font-size: 14pt;\"><em><span style=\"font-size: 24pt;\"><strong>***<\/strong><\/span><\/em><\/span><\/p>\n<p>&nbsp;<\/p>\n","protected":false},"excerpt":{"rendered":"<p>&nbsp; \u00a0\u00a0\u00a0\u00a0 Quand le mal-a-dit &#8230;\u00a0\u00a0\u00a0\u00a0\u00a0\u00a0\u00a0\u00a0\u00a0\u00a0\u00a0\u00a0\u00a0\u00a0\u00a0\u00a0\u00a0\u00a0\u00a0 il est temps &#8230;\u00a0\u00a0\u00a0\u00a0\u00a0\u00a0\u00a0\u00a0\u00a0\u00a0\u00a0\u00a0\u00a0\u00a0\u00a0\u00a0 de lib\u00e9rer les entraves &#8230; &nbsp; Les pierres de votre jardin &nbsp; Pourquoi consulter? * Vous sentez que votre potentiel&#8230;<\/p>\n","protected":false},"author":1,"featured_media":0,"parent":0,"menu_order":4,"comment_status":"closed","ping_status":"closed","template":"","meta":{"footnotes":""},"class_list":["post-53","page","type-page","status-publish","hentry"],"_links":{"self":[{"href":"https:\/\/www.ginettelosson.fr\/index.php\/wp-json\/wp\/v2\/pages\/53","targetHints":{"allow":["GET"]}}],"collection":[{"href":"https:\/\/www.ginettelosson.fr\/index.php\/wp-json\/wp\/v2\/pages"}],"about":[{"href":"https:\/\/www.ginettelosson.fr\/index.php\/wp-json\/wp\/v2\/types\/page"}],"author":[{"embeddable":true,"href":"https:\/\/www.ginettelosson.fr\/index.php\/wp-json\/wp\/v2\/users\/1"}],"replies":[{"embeddable":true,"href":"https:\/\/www.ginettelosson.fr\/index.php\/wp-json\/wp\/v2\/comments?post=53"}],"version-history":[{"count":118,"href":"https:\/\/www.ginettelosson.fr\/index.php\/wp-json\/wp\/v2\/pages\/53\/revisions"}],"predecessor-version":[{"id":2054,"href":"https:\/\/www.ginettelosson.fr\/index.php\/wp-json\/wp\/v2\/pages\/53\/revisions\/2054"}],"wp:attachment":[{"href":"https:\/\/www.ginettelosson.fr\/index.php\/wp-json\/wp\/v2\/media?parent=53"}],"curies":[{"name":"wp","href":"https:\/\/api.w.org\/{rel}","templated":true}]}}