{"id":70,"date":"2015-12-21T10:54:22","date_gmt":"2015-12-21T10:54:22","guid":{"rendered":"http:\/\/ginettelosson.fr\/?page_id=70"},"modified":"2025-09-17T05:03:43","modified_gmt":"2025-09-17T05:03:43","slug":"infos-pratiques-et-liens","status":"publish","type":"page","link":"https:\/\/www.ginettelosson.fr\/index.php\/infos-pratiques-et-liens\/","title":{"rendered":"Tarifs et Infos"},"content":{"rendered":"<p>&nbsp;<\/p>\n<p><img loading=\"lazy\" decoding=\"async\" class=\"alignnone wp-image-580\" src=\"http:\/\/ginettelosson.fr\/wp-content\/uploads\/2015\/12\/m-chemin-empierre-visorando-2960-Copie-300x182.jpg\" alt=\"chemin empierr\u00e9\" width=\"976\" height=\"592\" srcset=\"https:\/\/www.ginettelosson.fr\/wp-content\/uploads\/2015\/12\/m-chemin-empierre-visorando-2960-Copie-300x182.jpg 300w, https:\/\/www.ginettelosson.fr\/wp-content\/uploads\/2015\/12\/m-chemin-empierre-visorando-2960-Copie.jpg 560w\" sizes=\"auto, (max-width: 976px) 100vw, 976px\" \/><\/p>\n<p style=\"text-align: justify;\"><span style=\"font-size: 18pt; color: #cc99ff;\"><em><strong><span style=\"font-size: 14pt;\">Les pierres font des chemins et des ponts &#8230;<\/span><br \/>\n<\/strong><\/em><\/span><\/p>\n<p style=\"text-align: center;\"><span style=\"font-size: 18pt;\"><span style=\"color: #008000; font-size: 14pt;\"><em><span style=\"font-size: 36pt;\"><strong><span style=\"color: #cc99ff;\">***<\/span><\/strong><\/span><br \/>\n<\/em><\/span><\/span><\/p>\n<p style=\"padding-left: 30px; text-align: left;\"><span style=\"font-size: 18pt; color: #800080;\"><strong><em> Tarifs <\/em><\/strong><em><strong>:<\/strong> \u00a0<\/em><\/span><\/p>\n<p><span style=\"color: #000080; font-size: 14pt;\"><em><span style=\"color: #008000;\"><span style=\"color: #cc99ff; font-size: 24pt;\">* <\/span><strong>L&rsquo;harmonisation du lieu de vie ou de travail<\/strong><\/span><\/em><\/span><span style=\"color: #008000; font-size: 14pt;\"><em><strong> : 20<\/strong><\/em><\/span><span style=\"color: #008000; font-size: 14pt;\"><em><strong>0\u20ac <\/strong><\/em><\/span><\/p>\n<p style=\"text-align: justify;\"><span style=\"color: #008000; font-size: 14pt;\"><em>Elle est pratiqu\u00e9e sur le lieu en une seule s\u00e9ance ou r\u00e9partie en 2 s\u00e9ances s\u00e9par\u00e9es de plusieurs semaines, avec ce tarif global<\/em><\/span><span style=\"color: #008000; font-size: 14pt;\"><em>. Elle prend en compte le terrain et la maison.<br \/>\n<\/em><\/span><\/p>\n<p><span style=\"color: #008000; font-size: 14pt;\"><em>La pr\u00e9sence du demandeur est indispensable.<strong><br \/>\n<\/strong><\/em><\/span><\/p>\n<p>&nbsp;<\/p>\n<p><span style=\"font-size: 14pt; color: #008000;\"><span style=\"color: #cc99ff; font-size: 24pt;\">* <\/span><strong><em>Le <\/em><\/strong><\/span><em><span style=\"font-size: 14pt; color: #008000;\"><strong>soin \u00e0 la personne<\/strong>, en consultation \u00e0 mon cabinet <strong>: 80\u20ac <\/strong>(adulte), <strong>60\u20ac<\/strong> (enfant)<br \/>\n<\/span><\/em><\/p>\n<p>&nbsp;<\/p>\n<p><em><span style=\"font-size: 14pt; color: #008000;\"><span style=\"color: #cc99ff; font-size: 24pt;\">* <\/span><strong>Les ateliers : <\/strong><\/span><\/em><\/p>\n<p style=\"padding-left: 80px;\"><em><span style=\"font-size: 14pt; color: #008000;\"><strong>Rencontre avec un Lieu Sacr\u00e9<\/strong> <strong>: <\/strong><\/span><\/em><\/p>\n<p style=\"padding-left: 120px;\"><em><span style=\"font-size: 14pt; color: #008000;\">en groupe :<strong> 30\u20ac<\/strong> par personne, <strong>50\u20ac<\/strong> pour un couple.<br \/>\n<\/span><\/em><\/p>\n<p style=\"padding-left: 120px;\"><em><span style=\"font-size: 14pt; color: #008000;\">en individuel :\u00a0 <strong>80\u20ac <\/strong>(tarif d&rsquo;un soin \u00e0 la personne). <\/span><\/em><\/p>\n<p style=\"padding-left: 80px;\"><em><span style=\"font-size: 14pt; color: #008000;\"><strong>Accueil de Soi :<\/strong> <\/span><\/em><\/p>\n<p style=\"padding-left: 120px;\"><em><span style=\"font-size: 14pt; color: #008000;\">en groupe :<strong> 50\u20ac<\/strong> par personne, sur mon lieu de soin (salle collective et ext\u00e9rieur). <\/span><\/em><\/p>\n<p style=\"padding-left: 80px;\"><em><span style=\"font-size: 14pt; color: #008000;\"><strong>Au gr\u00e9 du Vent :\u00a0<\/strong> <\/span><\/em><\/p>\n<p style=\"padding-left: 120px;\"><em><span style=\"font-size: 14pt; color: #008000;\">en groupe : <strong>30<\/strong><\/span><\/em><em><span style=\"font-size: 14pt; color: #008000;\"><strong>\u20ac<\/strong> par personne, fournitures comprises, m\u00eame lieu.\u00a0\u00a0\u00a0\u00a0\u00a0\u00a0\u00a0\u00a0\u00a0\u00a0\u00a0\u00a0\u00a0\u00a0\u00a0\u00a0\u00a0 <\/span><\/em><\/p>\n<p style=\"padding-left: 80px;\"><em><span style=\"font-size: 14pt; color: #008000;\"><strong>Relookage objets : <\/strong><\/span><\/em><\/p>\n<p style=\"padding-left: 80px;\"><em><span style=\"font-size: 14pt; color: #008000;\">\u00a0\u00a0\u00a0\u00a0\u00a0\u00a0\u00a0\u00a0 en groupe :<strong>10\u20ac <\/strong>par personne.<strong><br \/>\n<\/strong><\/span><\/em><\/p>\n<p style=\"padding-left: 80px;\"><em><span style=\"font-size: 14pt; color: #008000;\"><strong>Atelier libre :<\/strong><\/span><\/em><\/p>\n<p><em>\u00a0\u00a0\u00a0\u00a0\u00a0\u00a0\u00a0\u00a0\u00a0\u00a0\u00a0\u00a0\u00a0\u00a0\u00a0\u00a0\u00a0\u00a0\u00a0\u00a0\u00a0\u00a0\u00a0\u00a0\u00a0\u00a0\u00a0\u00a0\u00a0\u00a0 <span style=\"font-size: 14pt; color: #008000;\">en groupe :<strong> 10\u20ac <\/strong>par personne, par atelier.<strong><br \/>\n<\/strong><\/span><\/em><\/p>\n<p>&nbsp;<\/p>\n<p style=\"padding-left: 10px; text-align: center;\"><span style=\"color: #cc99ff; font-size: 36pt;\"><strong><em>***<\/em><\/strong><\/span><\/p>\n<p><strong><span style=\"color: #0000ff; font-size: 18pt;\"><em><span style=\"color: #000080;\"><span style=\"color: #008000;\">Contact<\/span><\/span><\/em><em><span style=\"color: #000080;\"><span style=\"color: #008000;\"> :<\/span><\/span><\/em><\/span><span style=\"color: #0000ff;\"><em><span style=\"font-size: 18pt;\">\u00a0\u00a0<\/span>\u00a0\u00a0\u00a0\u00a0\u00a0\u00a0\u00a0\u00a0\u00a0\u00a0\u00a0\u00a0\u00a0\u00a0\u00a0\u00a0\u00a0\u00a0\u00a0\u00a0 <span style=\"color: #800080; font-size: 18pt;\">Ginette Losson<\/span><\/em><\/span><\/strong><\/p>\n<p><span style=\"color: #008000; font-size: 14pt;\"><em><strong>tel<\/strong> : 06 16 35 09 06<\/em><\/span><\/p>\n<p><span style=\"color: #008000; font-size: 14pt;\"><em><strong>mail<\/strong> : ginette.losson@gmail.com <\/em><\/span><\/p>\n<p><span style=\"color: #008000; font-size: 14pt;\"><em><strong>cabinet <\/strong>: 348, route de France 47140 Trentels<\/em><\/span><\/p>\n<p><span style=\"font-size: 14pt;\"><em><strong><span style=\"color: #008000;\">site <\/span><\/strong><span style=\"color: #008000;\">: <\/span><span style=\"color: #008000;\">http:\/\/<\/span><span style=\"color: #008000;\">www.<\/span><span style=\"color: #008000;\">ginettelosson.fr<\/span><\/em><\/span><\/p>\n<p><span style=\"font-size: 14pt;\"><em><span style=\"color: #008000;\"><strong>n\u00b0SIRET<\/strong> : 81428676100014 <\/span><\/em><\/span><\/p>\n<p><span style=\"font-size: 14pt;\"><em><span style=\"color: #008000;\">Je suis inscrite au Syndicat des Praticiens de M\u00e9decine Symbolique (SPMS).<br \/>\n<\/span><\/em><\/span><\/p>\n<p><span style=\"color: #008000; font-size: 14pt;\"><em>Je serai ravie de r\u00e9pondre \u00e0 toute demande d&rsquo;information,\u00a0 d&rsquo;am\u00e9nagement de rendez-vous ou de suivi de soin. <\/em><\/span><\/p>\n<p><span style=\"color: #008000; font-size: 14pt;\"><em>Contact par mail ou t\u00e9l\u00e9phone.<br \/>\n<\/em><\/span><\/p>\n<p style=\"padding-left: 10px; text-align: center;\"><span style=\"color: #cc99ff; font-size: 36pt;\"><strong><em>***<\/em><\/strong><\/span><\/p>\n<p style=\"padding-left: 30px;\"><span style=\"font-size: 14pt; color: #008000;\">\u00a0\u00a0\u00a0\u00a0\u00a0\u00a0\u00a0\u00a0\u00a0\u00a0\u00a0\u00a0\u00a0\u00a0\u00a0\u00a0 <\/span><\/p>\n<p>&nbsp;<\/p>\n<p><img loading=\"lazy\" decoding=\"async\" class=\"wp-image-2055 aligncenter\" src=\"http:\/\/ginettelosson.fr\/wp-content\/uploads\/2020\/06\/logo-MS-300x244.jpg\" alt=\"\" width=\"243\" height=\"198\" srcset=\"https:\/\/www.ginettelosson.fr\/wp-content\/uploads\/2020\/06\/logo-MS-300x244.jpg 300w, https:\/\/www.ginettelosson.fr\/wp-content\/uploads\/2020\/06\/logo-MS-768x625.jpg 768w, https:\/\/www.ginettelosson.fr\/wp-content\/uploads\/2020\/06\/logo-MS-600x488.jpg 600w, https:\/\/www.ginettelosson.fr\/wp-content\/uploads\/2020\/06\/logo-MS.jpg 798w\" sizes=\"auto, (max-width: 243px) 100vw, 243px\" \/><\/p>\n<p>&nbsp;<\/p>\n<p><span style=\"border-radius: 2px; text-indent: 20px; width: auto; padding: 0px 4px 0px 0px; text-align: center; font: bold 11px\/20px 'Helvetica Neue',Helvetica,sans-serif; color: #ffffff; background: #bd081c no-repeat scroll 3px 50% \/ 14px 14px; position: absolute; opacity: 1; z-index: 8675309; display: none; cursor: pointer; top: 76px; left: 20px;\">Enregistrer<\/span><\/p>\n<p><span style=\"border-radius: 2px; text-indent: 20px; width: auto; padding: 0px 4px 0px 0px; text-align: center; font: bold 11px\/20px 'Helvetica Neue',Helvetica,sans-serif; color: #ffffff; background: #bd081c no-repeat scroll 3px 50% \/ 14px 14px; position: absolute; opacity: 1; z-index: 8675309; display: none; cursor: pointer; top: 76px; left: 20px;\">Enregistrer<\/span><\/p>\n<p><span style=\"border-radius: 2px; text-indent: 20px; width: auto; padding: 0px 4px 0px 0px; text-align: center; font: bold 11px\/20px 'Helvetica Neue',Helvetica,sans-serif; color: #ffffff; background: #bd081c no-repeat scroll 3px 50% \/ 14px 14px; position: absolute; opacity: 1; z-index: 8675309; display: none; cursor: pointer; top: 76px; left: 20px;\">Enregistrer<\/span><\/p>\n<p><span style=\"border-radius: 2px; text-indent: 20px; width: auto; padding: 0px 4px 0px 0px; text-align: center; font: bold 11px\/20px 'Helvetica Neue',Helvetica,sans-serif; color: #ffffff; background: #bd081c no-repeat scroll 3px 50% \/ 14px 14px; position: absolute; opacity: 1; z-index: 8675309; display: none; cursor: pointer; top: 76px; left: 20px;\">Enregistrer<\/span><\/p>\n<p><span style=\"border-radius: 2px; text-indent: 20px; width: auto; padding: 0px 4px 0px 0px; text-align: center; font: bold 11px\/20px 'Helvetica Neue',Helvetica,sans-serif; color: #ffffff; background: #bd081c no-repeat scroll 3px 50% \/ 14px 14px; position: absolute; opacity: 1; z-index: 8675309; display: none; cursor: pointer;\">Enregistrer<\/span><\/p>\n<p><span style=\"border-radius: 2px; text-indent: 20px; width: auto; padding: 0px 4px 0px 0px; text-align: center; font: bold 11px\/20px 'Helvetica Neue',Helvetica,sans-serif; color: #ffffff; background: #bd081c no-repeat scroll 3px 50% \/ 14px 14px; position: absolute; opacity: 1; z-index: 8675309; display: none; cursor: pointer; top: 76px; left: 20px;\">Enregistrer<\/span><\/p>\n<p><span style=\"border-radius: 2px; text-indent: 20px; width: auto; padding: 0px 4px 0px 0px; text-align: center; font: bold 11px\/20px 'Helvetica Neue',Helvetica,sans-serif; color: #ffffff; background: #bd081c no-repeat scroll 3px 50% \/ 14px 14px; position: absolute; opacity: 1; z-index: 8675309; display: none; cursor: pointer; top: 76px; left: 20px;\">Enregistrer<\/span><\/p>\n<p><span style=\"border-radius: 2px; text-indent: 20px; width: auto; padding: 0px 4px 0px 0px; text-align: center; font: bold 11px\/20px 'Helvetica Neue',Helvetica,sans-serif; color: #ffffff; background: #bd081c no-repeat scroll 3px 50% \/ 14px 14px; position: absolute; opacity: 1; z-index: 8675309; display: none; cursor: pointer; top: 76px; left: 20px;\">Enregistrer<\/span><\/p>\n<p><span style=\"border-radius: 2px; text-indent: 20px; width: auto; padding: 0px 4px 0px 0px; text-align: center; font: bold 11px\/20px 'Helvetica Neue',Helvetica,sans-serif; color: #ffffff; background: #bd081c no-repeat scroll 3px 50% \/ 14px 14px; position: absolute; opacity: 1; z-index: 8675309; display: none; cursor: pointer; top: 76px; left: 20px;\">Enregistrer<\/span><\/p>\n","protected":false},"excerpt":{"rendered":"<p>&nbsp; Les pierres font des chemins et des ponts &#8230; *** Tarifs : \u00a0 * L&rsquo;harmonisation du lieu de vie ou de travail : 200\u20ac Elle est pratiqu\u00e9e sur le&#8230;<\/p>\n","protected":false},"author":1,"featured_media":0,"parent":0,"menu_order":6,"comment_status":"closed","ping_status":"closed","template":"","meta":{"footnotes":""},"class_list":["post-70","page","type-page","status-publish","hentry"],"_links":{"self":[{"href":"https:\/\/www.ginettelosson.fr\/index.php\/wp-json\/wp\/v2\/pages\/70","targetHints":{"allow":["GET"]}}],"collection":[{"href":"https:\/\/www.ginettelosson.fr\/index.php\/wp-json\/wp\/v2\/pages"}],"about":[{"href":"https:\/\/www.ginettelosson.fr\/index.php\/wp-json\/wp\/v2\/types\/page"}],"author":[{"embeddable":true,"href":"https:\/\/www.ginettelosson.fr\/index.php\/wp-json\/wp\/v2\/users\/1"}],"replies":[{"embeddable":true,"href":"https:\/\/www.ginettelosson.fr\/index.php\/wp-json\/wp\/v2\/comments?post=70"}],"version-history":[{"count":109,"href":"https:\/\/www.ginettelosson.fr\/index.php\/wp-json\/wp\/v2\/pages\/70\/revisions"}],"predecessor-version":[{"id":2895,"href":"https:\/\/www.ginettelosson.fr\/index.php\/wp-json\/wp\/v2\/pages\/70\/revisions\/2895"}],"wp:attachment":[{"href":"https:\/\/www.ginettelosson.fr\/index.php\/wp-json\/wp\/v2\/media?parent=70"}],"curies":[{"name":"wp","href":"https:\/\/api.w.org\/{rel}","templated":true}]}}